{"id":104397,"date":"2025-01-17T09:37:35","date_gmt":"2025-01-17T08:37:35","guid":{"rendered":"https:\/\/www.depureco.com\/?page_id=104397"},"modified":"2025-01-20T14:28:45","modified_gmt":"2025-01-20T13:28:45","slug":"allgemeine-verkauf","status":"publish","type":"page","link":"https:\/\/www.depureco.com\/de\/allgemeine-verkauf\/","title":{"rendered":"ALLGEMEINE VERKAUF"},"content":{"rendered":"\n\t<div class=\"_canva-wp-block   \" style=\"border: 1px dashed #1e88e5;\">\n\n\t\t\n\t<div class=\"_header\">\n\n\t\t<div class=\"_header-icon main-section-inner-blocks\">\n\t\t\t<div class=\"_header-icon-wrap canva-p-1\" style=\"background: var(--color-wp-block-bg-icon);\">\n\t\t\t\t<svg version=\"1.1\" xmlns=\"http:\/\/www.w3.org\/2000\/svg\" xmlns:xlink=\"http:\/\/www.w3.org\/1999\/xlink\" x=\"0px\" y=\"0px\" viewbox=\"0 0 256 256\" style=\"enable-background:new 0 0 256 256;\" xml:space=\"preserve\" class=\"_icon icon-wp-block-main-section-inner-blocks \">\n<style type=\"text\/css\">\n\t.st1{fill:#FF0000;}\n\t.st2{fill:none;stroke:#000000;stroke-width:6;stroke-linecap:round;stroke-linejoin:round;stroke-miterlimit:10;}\n\t.st3{fill:none;stroke:#000000;stroke-width:6;stroke-miterlimit:10;}\n\t.st4{fill:none;stroke:#000000;stroke-width:12;stroke-miterlimit:10;}\n\t.st5{display:none;}\n\t.st6{display:inline;fill:#E6007E;}\n<\/style>\n<g id=\"Livello_1\" focusable=\"false\">\n\t<g>\n\t\t<rect x=\"60.5\" y=\"181.4\" style=\"fill:#1e88e5;\" width=\"20\" height=\"12\"><\/rect>\n\t\t<rect x=\"88.5\" y=\"65.4\" style=\"fill:#1e88e5;\" width=\"20\" height=\"12\"><\/rect>\n\t\t<rect x=\"57.5\" y=\"65.4\" style=\"fill:#1e88e5;\" width=\"20\" height=\"12\"><\/rect>\n\t\t<rect x=\"91.5\" y=\"181.4\" style=\"fill:#1e88e5;\" width=\"20\" height=\"12\"><\/rect>\n\t\t<rect x=\"24.5\" y=\"133.4\" style=\"fill:#1e88e5;\" width=\"12\" height=\"20\"><\/rect>\n\t\t<rect x=\"24.5\" y=\"102.4\" style=\"fill:#1e88e5;\" width=\"12\" height=\"20\"><\/rect>\n\t\t<path style=\"fill:#1e88e5;\" d=\"M36.5,77.4h10v-12h-10c-6.6,0-12,5.4-12,12v0c0,6.4,0,14,0,14h12V77.4z\"><\/path>\n\t\t<path style=\"fill:#1e88e5;\" d=\"M212.5,65.4v12h8v16h12V74c0-4.7-3.8-8.6-8.6-8.6H212.5z\"><\/path>\n\t\t<path style=\"fill:#1e88e5;\" d=\"M36.5,164.4h-12v17c0,6.6,5.4,12,12,12h13v-12h-13V164.4z\"><\/path>\n\t\t<rect x=\"119.5\" y=\"65.4\" style=\"fill:#1e88e5;\" width=\"20\" height=\"12\"><\/rect>\n\t\t<rect x=\"181.5\" y=\"65.4\" style=\"fill:#1e88e5;\" width=\"20\" height=\"12\"><\/rect>\n\t\t<rect x=\"220.5\" y=\"135.4\" style=\"fill:#1e88e5;\" width=\"12\" height=\"20\"><\/rect>\n\t\t<path style=\"fill:#1e88e5;\" d=\"M220.5,181.4h-9v12h12.4c4.7,0,8.6-3.8,8.6-8.6v0v-3.4v-15h-12V181.4z\"><\/path>\n\t\t<rect x=\"220.5\" y=\"104.4\" style=\"fill:#1e88e5;\" width=\"12\" height=\"20\"><\/rect>\n\t\t<rect x=\"122.5\" y=\"181.4\" style=\"fill:#1e88e5;\" width=\"20\" height=\"12\"><\/rect>\n\t\t<rect x=\"184.5\" y=\"181.4\" style=\"fill:#1e88e5;\" width=\"16\" height=\"12\"><\/rect>\n\t\t<rect x=\"150.5\" y=\"65.4\" style=\"fill:#1e88e5;\" width=\"20\" height=\"12\"><\/rect>\n\t\t<rect x=\"153.5\" y=\"181.4\" style=\"fill:#1e88e5;\" width=\"20\" height=\"12\"><\/rect>\n\t<\/g>\n\t<path d=\"M52.5,53.7V36h151v17.7h12V36c0-6.6-5.4-12-12-12h-151c-6.6,0-12,5.4-12,12v17.7H52.5z\"><\/path>\n\t<path d=\"M203.5,202.3V220h-151v-17.7h-12V220c0,6.6,5.4,12,12,12h151c6.6,0,12-5.4,12-12v-17.7H203.5z\"><\/path>\n<\/g>\n<g id=\"Note_e_spacer\" class=\"st5\">\n\t<rect class=\"st6\" width=\"24\" height=\"24\"><\/rect>\n\t<rect y=\"232\" class=\"st6\" width=\"24\" height=\"24\"><\/rect>\n<\/g>\n<\/svg>\n\t\t\t<\/div>\n\t\t<\/div>\n\n\t\t<div class=\"_header-info canva-flex-1\">\n\t\t\t<span class=\"_title canva-block canva-fs-xsmall canva-lh-12 canva-fw-700\" style=\"color:var(--color-wp-block-title);\">\n\t\t\t\tSezione Main\t\t\t<\/span>\n\t\t\t\t\t\t\t<span class=\"_description canva-block canva-fs-xxsmall canva-lh-11 canva-fw-400\" style=\"color:var(--color-wp-block-subtitle);\">\n\t\t\t\t\tContenitore di blocchi per sezione di pagina\t\t\t\t<\/span>\n\t\t\t\n\t\t\t\t\t<\/div>\n\t\t\t<\/div>\n\n        \n\t\t<div class=\"_content canva-p-4 canva-bg-white\">\n\n\t\t\t\n\t\t\t<div class=\"user-locked-inner-blocks\">\n\t\t\t\t\n\n<div class=\"wp-block-columns\">\n<div class=\"wp-block-column col-span-12\">\n<h2 class=\"wp-block-heading\">ALLGEMEINE VERKAUF<\/h2>\n\n\n\n<h4 class=\"wp-block-heading\"><strong>1. Preise<\/strong><\/h4>\n\n\n\n<p>1.1 Alle eingehenden Bestellungen werden zu den in der aktuellen Preisliste angegebenen Preisen bearbeitet.&nbsp;<\/p>\n\n\n\n<p>1.2 Zu allen angegebenen Preisen kommt die Mehrwertsteuer hinzu.<\/p>\n\n\n\n<p>1.3 Alle angegebenen Preise verstehen sich ab unserem Werk Volpiano (I-10088) d.h. zuz\u00fcglich der Versandkosten.&nbsp;<\/p>\n\n\n\n<p>1.4 Zu allen angegebenen Preisen kommt der Verpackungspreis hinzu.<\/p>\n\n\n\n<p>1.5 Die Verpackungspreise verstehen sich netto.<\/p>\n\n\n\n<h4 class=\"wp-block-heading\">2. <strong>Zahlungsbedigungen<\/strong><\/h4>\n\n\n\n<p>2.1 Die Zahlung muss innerhalb der auf der Rechnung angegebenen Zahlungsfrist erfolgen unabh\u00e4ngig von eventuellen Beschwerden bzw. Reklamationen.&nbsp;<\/p>\n\n\n\n<p>2.2 Bei Ziel\u00fcberschreitung ist Depureco berechtigt, Verzugszinsen in H\u00f6he des nach dem Gesetz g\u00fcltigen Satzes in Rechnung zu stellen. Etwaige zus\u00e4tzliche Kosten, die<\/p>\n\n\n\n<p>2.3 Depureco entstehen, werden ebenfalls in Rechnung gestellt.<\/p>\n\n\n\n<p>2.4 Tritt die Zahlung erst sp\u00e4t ein oder wird sie gar nicht vorgenommen, so erlischt die Gew\u00e4hrleistung<\/p>\n\n\n\n<p>2.5 Die Waren, auch wenn schon geliefert, bleiben Eigentum von Depureco bis vollst\u00e4ndige Zahlung der Rechnung.<\/p>\n\n\n\n<h4 class=\"wp-block-heading\"><strong>3. Lieferungen<\/strong><\/h4>\n\n\n\n<p>3.1 Sofern nichts anderes vereinbart ist, ist die Lieferstellung ab unserem Werk Volpiano (I-10088) Turin, Italy.<\/p>\n\n\n\n<p>3.2 Der auf der Auftragsbest\u00e4tigung angegebene Liefertermin ist als unverbindlich zu betrachten.&nbsp;<\/p>\n\n\n\n<p>3.3 Depureco haftet nicht f\u00fcr Sch\u00e4den oder Unannehmlichkeiten, die sich aus Lieferverz\u00f6gerungen ergeben k\u00f6nnen.<\/p>\n\n\n\n<p>3.4 Treten Lieferverz\u00f6gerungen ein, ist der K\u00e4ufer somit nicht berechtigt, den Auftrag zu stornieren oder die Zahlung nicht einzuhalten.<\/p>\n\n\n\n<h4 class=\"wp-block-heading\"><strong>4. R\u00fccksendungen<\/strong><\/h4>\n\n\n\n<p>4.1 R\u00fccksendungen werden nur nach vorheriger Vereinbarung angenommen.<\/p>\n\n\n\n<h4 class=\"wp-block-heading\"><strong>5. Abnahme<\/strong><\/h4>\n\n\n\n<p>5.1 Sofern nichts anderes vereinbart ist, f\u00fchrt Depureco keine Endabnahme des Ger\u00e4ts im Hause des Kunden durch.<\/p>\n\n\n\n<p>5.2 Die Depureco-Produkte werden in \u00dcbereinstimmung mit den europ\u00e4ischen CE-Normen und mit einer Spannung von 230 V f\u00fcr Einphasenversionen und 400 V f\u00fcr Dreiphasenversionen hergestellt. Auf Wunsch werden Industriesauger mit unterschiedlichen Spannungen und Frequenzen hergestellt (vorbehaltlich der Genehmigung eines Angebotes).<\/p>\n\n\n\n<h4 class=\"wp-block-heading\"><strong>6. Erf\u00fcllungsort und gerichtsstand<\/strong><\/h4>\n\n\n\n<p>6.1 Der Erf\u00fcllungsort ist unser Sitzt und der Gerichtsstand ist Torino.<\/p>\n\n\n\n<p>6.2 Streitigkeiten mit ausl\u00e4ndischen Kunden werden nach den Regelungen der Internationalen Handelskammer beigelegt.<\/p>\n\n\n\n<p><strong>7. Garantie<\/strong><\/p>\n\n\n\n<p>7.1 Die Garantie f\u00fcr alle in dieser Preisliste enthaltenen Industriesauger betr\u00e4gt 12 Monate.<\/p>\n\n\n\n<p>7.2 Die Garantie besteht in der kostenlosen Lieferung der Komponenten der Ger\u00e4te, die Herstellungsfehler aufweisen.&nbsp;<\/p>\n\n\n\n<p>7.3 Die Garantie deckt keine Unzul\u00e4nglichkeit ab, die auf eine falsche Verwendung des Ger\u00e4ts oder einen falschen Spannungsanschluss zur\u00fcckzuf\u00fchren ist. Fahrl\u00e4ssigkeit oder Nichtbeachtung des Gebrauchs f\u00fcr die jeweilige Anwendung sind ebenfalls von der Garantie nicht abgedeckt.&nbsp;<\/p>\n\n\n\n<p>7.4 Der Austausch des Absaugers ist nicht vorgesehen. Der fehlerhafte Komponente wird jedoch auf Garantieleistung geliefert sofern Depureco feststellt, er sei von Garantie abgedeckt.<\/p>\n\n\n\n<p>7.5 Alle Verbrauchsmaterialien wie Filter, Schl\u00e4uche, Zubeh\u00f6r, Kohlen, Stromkabel, Stecker und Komponenten mit normalem Verschlei\u00df sind von der Garantie ausgeschlossen. F\u00fcr Seitenkanalverdichter und Motoren, in denen Fremdk\u00f6rper (z.B. Staub, Fl\u00fcssigkeiten und Feststoffen) gefunden werden, wird keine Garantie gew\u00e4hrt.<\/p>\n\n\n\n<p>7.6 Es gibt keine Erstattung f\u00fcr Unannehmlichkeiten, Sch\u00e4den oder Probleme, die durch Fehler oder Defekte des Staubsaugers verursacht werden, die auf die Garantie zur\u00fcckzuf\u00fchren sind.<\/p>\n\n\n\n<p>7.7 Es gibt keine Erstattung f\u00fcr Unannehmlichkeiten, Sch\u00e4den oder Probleme aufgrund von Fehlern oder Defekten an den Komponenten, die unter die Garantie fallen.Die von Depureco gew\u00e4hrte Garantie erlischt, wenn diese Bedingungen erf\u00fcllt sind: Reparaturen wurden von nicht autorisiertem Personal durchgef\u00fchrt, Ersatzteile wurden unsachgem\u00e4\u00df ausgetauscht bzw. eingebaut,nicht original Depureco Ersatzteile und Zubeh\u00f6r wurden verwendet.&nbsp;<\/p>\n\n\n\n<p>7.8 Damit die Garantie nachgewiesen wird, ist der K\u00e4ufer verpflichtet, das Produkt auf eigene Kosten an Depureco zu senden. Depureco pr\u00fcft es und repariert es im Falle einer Garantie durch Austausch der defekten Komponenten. Die Transportkosten gehen zu Lasten des K\u00e4ufers.<\/p>\n\n\n\n<p>7.9 Auf die meisten der hier angebotenen Industriesaugern gibt Depureco 3 Jahre Garantie, wenn beim Erwerb eines neuen Saugers gleich alleErsatzfilter mitbestellt werden. Es sind davon nur die Ger\u00e4te f\u00fcr \u00d6l und Sp\u00e4ne sowie die professionellen Absauger (XPRO und Buddy)ausgeschlossen.<\/p>\n<\/div>\n<\/div>\n\n\n\t\t\t<\/div>\n\t\t<\/div>\n\n\t<\/div>\n\n","protected":false},"excerpt":{"rendered":"","protected":false},"author":8,"featured_media":0,"parent":0,"menu_order":0,"comment_status":"closed","ping_status":"closed","template":"","meta":{"_acf_changed":false,"footnotes":""},"class_list":["post-104397","page","type-page","status-publish","hentry","optional-de"],"acf":[],"yoast_head":"<!-- This site is optimized with the Yoast SEO Premium plugin v26.8 (Yoast SEO v27.3) - https:\/\/yoast.com\/product\/yoast-seo-premium-wordpress\/ -->\n<title>ALLGEMEINE VERKAUF - Depureco<\/title>\n<meta name=\"robots\" content=\"index, follow, max-snippet:-1, max-image-preview:large, max-video-preview:-1\" \/>\n<link rel=\"canonical\" href=\"https:\/\/www.depureco.com\/de\/allgemeine-verkauf\/\" \/>\n<meta property=\"og:locale\" content=\"de_DE\" \/>\n<meta property=\"og:type\" content=\"article\" \/>\n<meta property=\"og:title\" content=\"ALLGEMEINE VERKAUF - Depureco\" \/>\n<meta property=\"og:url\" content=\"https:\/\/www.depureco.com\/de\/allgemeine-verkauf\/\" \/>\n<meta property=\"og:site_name\" content=\"Depureco\" \/>\n<meta property=\"article:publisher\" content=\"https:\/\/www.facebook.com\/depurecoindustrialvacuums\/\" \/>\n<meta property=\"article:modified_time\" content=\"2025-01-20T13:28:45+00:00\" \/>\n<meta property=\"og:image\" content=\"https:\/\/i0.wp.com\/www.depureco.com\/wp-content\/uploads\/2025\/04\/Accessori-per-la-pulizia-generale.jpg?fit=800%2C600&ssl=1\" \/>\n\t<meta property=\"og:image:width\" content=\"800\" \/>\n\t<meta property=\"og:image:height\" content=\"600\" \/>\n\t<meta property=\"og:image:type\" content=\"image\/jpeg\" \/>\n<meta name=\"twitter:card\" content=\"summary_large_image\" \/>\n<meta name=\"twitter:label1\" content=\"Gesch\u00e4tzte Lesezeit\" \/>\n\t<meta name=\"twitter:data1\" content=\"4\u00a0Minuten\" \/>\n<script type=\"application\/ld+json\" class=\"yoast-schema-graph\">{\"@context\":\"https:\\\/\\\/schema.org\",\"@graph\":[{\"@type\":\"WebPage\",\"@id\":\"https:\\\/\\\/www.depureco.com\\\/de\\\/allgemeine-verkauf\\\/\",\"url\":\"https:\\\/\\\/www.depureco.com\\\/de\\\/allgemeine-verkauf\\\/\",\"name\":\"ALLGEMEINE VERKAUF - Depureco\",\"isPartOf\":{\"@id\":\"https:\\\/\\\/www.depureco.com\\\/de\\\/#website\"},\"datePublished\":\"2025-01-17T08:37:35+00:00\",\"dateModified\":\"2025-01-20T13:28:45+00:00\",\"breadcrumb\":{\"@id\":\"https:\\\/\\\/www.depureco.com\\\/de\\\/allgemeine-verkauf\\\/#breadcrumb\"},\"inLanguage\":\"de\",\"potentialAction\":[{\"@type\":\"ReadAction\",\"target\":[\"https:\\\/\\\/www.depureco.com\\\/de\\\/allgemeine-verkauf\\\/\"]}]},{\"@type\":\"BreadcrumbList\",\"@id\":\"https:\\\/\\\/www.depureco.com\\\/de\\\/allgemeine-verkauf\\\/#breadcrumb\",\"itemListElement\":[{\"@type\":\"ListItem\",\"position\":1,\"name\":\"Home\",\"item\":\"https:\\\/\\\/www.depureco.com\\\/de\\\/\"},{\"@type\":\"ListItem\",\"position\":2,\"name\":\"ALLGEMEINE VERKAUF\"}]},{\"@type\":\"WebSite\",\"@id\":\"https:\\\/\\\/www.depureco.com\\\/de\\\/#website\",\"url\":\"https:\\\/\\\/www.depureco.com\\\/de\\\/\",\"name\":\"Depureco\",\"description\":\"\",\"publisher\":{\"@id\":\"https:\\\/\\\/www.depureco.com\\\/de\\\/#organization\"},\"potentialAction\":[{\"@type\":\"SearchAction\",\"target\":{\"@type\":\"EntryPoint\",\"urlTemplate\":\"https:\\\/\\\/www.depureco.com\\\/de\\\/?s={search_term_string}\"},\"query-input\":{\"@type\":\"PropertyValueSpecification\",\"valueRequired\":true,\"valueName\":\"search_term_string\"}}],\"inLanguage\":\"de\"},{\"@type\":\"Organization\",\"@id\":\"https:\\\/\\\/www.depureco.com\\\/de\\\/#organization\",\"name\":\"Depureco Industrial Vacuums Srl\",\"alternateName\":\"Depureco\",\"url\":\"https:\\\/\\\/www.depureco.com\\\/de\\\/\",\"logo\":{\"@type\":\"ImageObject\",\"inLanguage\":\"de\",\"@id\":\"https:\\\/\\\/www.depureco.com\\\/de\\\/#\\\/schema\\\/logo\\\/image\\\/\",\"url\":\"https:\\\/\\\/www.depureco.com\\\/wp-content\\\/uploads\\\/2023\\\/03\\\/depureco-logo-colors.svg\",\"contentUrl\":\"https:\\\/\\\/www.depureco.com\\\/wp-content\\\/uploads\\\/2023\\\/03\\\/depureco-logo-colors.svg\",\"width\":1,\"height\":1,\"caption\":\"Depureco Industrial Vacuums Srl\"},\"image\":{\"@id\":\"https:\\\/\\\/www.depureco.com\\\/de\\\/#\\\/schema\\\/logo\\\/image\\\/\"},\"sameAs\":[\"https:\\\/\\\/www.facebook.com\\\/depurecoindustrialvacuums\\\/\",\"https:\\\/\\\/it.linkedin.com\\\/company\\\/depureco-industrial-vacuums\",\"https:\\\/\\\/www.youtube.com\\\/user\\\/DEPURECOsrl\\\/feed\\\/\",\"https:\\\/\\\/www.wikidata.org\\\/wiki\\\/Q136332161\"],\"description\":\"Depureco is a leading manufacturer of Italian-engineered industrial vacuum systems known for rugged build quality, long-life components, and high filtration performance\u2014including HEPA\\\/H14 and ATEX options. Our engineering team delivers expert customization, tailoring units, accessories, and central systems to each application for safer, cleaner, and more efficient operations.\",\"email\":\"depureco@depureco.com\",\"telephone\":\"+39 011 98.59.117\",\"legalName\":\"Depureco Industrial Vacuums Srl\",\"foundingDate\":\"1972-01-01\",\"vatID\":\"IT02258610357\",\"taxID\":\"IT02258610357\",\"numberOfEmployees\":{\"@type\":\"QuantitativeValue\",\"minValue\":\"51\",\"maxValue\":\"200\"}}]}<\/script>\n<!-- \/ Yoast SEO Premium plugin. -->","yoast_head_json":{"title":"ALLGEMEINE VERKAUF - Depureco","robots":{"index":"index","follow":"follow","max-snippet":"max-snippet:-1","max-image-preview":"max-image-preview:large","max-video-preview":"max-video-preview:-1"},"canonical":"https:\/\/www.depureco.com\/de\/allgemeine-verkauf\/","og_locale":"de_DE","og_type":"article","og_title":"ALLGEMEINE VERKAUF - Depureco","og_url":"https:\/\/www.depureco.com\/de\/allgemeine-verkauf\/","og_site_name":"Depureco","article_publisher":"https:\/\/www.facebook.com\/depurecoindustrialvacuums\/","article_modified_time":"2025-01-20T13:28:45+00:00","og_image":[{"width":800,"height":600,"url":"https:\/\/i0.wp.com\/www.depureco.com\/wp-content\/uploads\/2025\/04\/Accessori-per-la-pulizia-generale.jpg?fit=800%2C600&ssl=1","type":"image\/jpeg"}],"twitter_card":"summary_large_image","twitter_misc":{"Gesch\u00e4tzte Lesezeit":"4\u00a0Minuten"},"schema":{"@context":"https:\/\/schema.org","@graph":[{"@type":"WebPage","@id":"https:\/\/www.depureco.com\/de\/allgemeine-verkauf\/","url":"https:\/\/www.depureco.com\/de\/allgemeine-verkauf\/","name":"ALLGEMEINE VERKAUF - Depureco","isPartOf":{"@id":"https:\/\/www.depureco.com\/de\/#website"},"datePublished":"2025-01-17T08:37:35+00:00","dateModified":"2025-01-20T13:28:45+00:00","breadcrumb":{"@id":"https:\/\/www.depureco.com\/de\/allgemeine-verkauf\/#breadcrumb"},"inLanguage":"de","potentialAction":[{"@type":"ReadAction","target":["https:\/\/www.depureco.com\/de\/allgemeine-verkauf\/"]}]},{"@type":"BreadcrumbList","@id":"https:\/\/www.depureco.com\/de\/allgemeine-verkauf\/#breadcrumb","itemListElement":[{"@type":"ListItem","position":1,"name":"Home","item":"https:\/\/www.depureco.com\/de\/"},{"@type":"ListItem","position":2,"name":"ALLGEMEINE VERKAUF"}]},{"@type":"WebSite","@id":"https:\/\/www.depureco.com\/de\/#website","url":"https:\/\/www.depureco.com\/de\/","name":"Depureco","description":"","publisher":{"@id":"https:\/\/www.depureco.com\/de\/#organization"},"potentialAction":[{"@type":"SearchAction","target":{"@type":"EntryPoint","urlTemplate":"https:\/\/www.depureco.com\/de\/?s={search_term_string}"},"query-input":{"@type":"PropertyValueSpecification","valueRequired":true,"valueName":"search_term_string"}}],"inLanguage":"de"},{"@type":"Organization","@id":"https:\/\/www.depureco.com\/de\/#organization","name":"Depureco Industrial Vacuums Srl","alternateName":"Depureco","url":"https:\/\/www.depureco.com\/de\/","logo":{"@type":"ImageObject","inLanguage":"de","@id":"https:\/\/www.depureco.com\/de\/#\/schema\/logo\/image\/","url":"https:\/\/www.depureco.com\/wp-content\/uploads\/2023\/03\/depureco-logo-colors.svg","contentUrl":"https:\/\/www.depureco.com\/wp-content\/uploads\/2023\/03\/depureco-logo-colors.svg","width":1,"height":1,"caption":"Depureco Industrial Vacuums Srl"},"image":{"@id":"https:\/\/www.depureco.com\/de\/#\/schema\/logo\/image\/"},"sameAs":["https:\/\/www.facebook.com\/depurecoindustrialvacuums\/","https:\/\/it.linkedin.com\/company\/depureco-industrial-vacuums","https:\/\/www.youtube.com\/user\/DEPURECOsrl\/feed\/","https:\/\/www.wikidata.org\/wiki\/Q136332161"],"description":"Depureco is a leading manufacturer of Italian-engineered industrial vacuum systems known for rugged build quality, long-life components, and high filtration performance\u2014including HEPA\/H14 and ATEX options. Our engineering team delivers expert customization, tailoring units, accessories, and central systems to each application for safer, cleaner, and more efficient operations.","email":"depureco@depureco.com","telephone":"+39 011 98.59.117","legalName":"Depureco Industrial Vacuums Srl","foundingDate":"1972-01-01","vatID":"IT02258610357","taxID":"IT02258610357","numberOfEmployees":{"@type":"QuantitativeValue","minValue":"51","maxValue":"200"}}]}},"jetpack_sharing_enabled":true,"_links":{"self":[{"href":"https:\/\/www.depureco.com\/de\/wp-json\/wp\/v2\/pages\/104397","targetHints":{"allow":["GET"]}}],"collection":[{"href":"https:\/\/www.depureco.com\/de\/wp-json\/wp\/v2\/pages"}],"about":[{"href":"https:\/\/www.depureco.com\/de\/wp-json\/wp\/v2\/types\/page"}],"author":[{"embeddable":true,"href":"https:\/\/www.depureco.com\/de\/wp-json\/wp\/v2\/users\/8"}],"replies":[{"embeddable":true,"href":"https:\/\/www.depureco.com\/de\/wp-json\/wp\/v2\/comments?post=104397"}],"version-history":[{"count":0,"href":"https:\/\/www.depureco.com\/de\/wp-json\/wp\/v2\/pages\/104397\/revisions"}],"wp:attachment":[{"href":"https:\/\/www.depureco.com\/de\/wp-json\/wp\/v2\/media?parent=104397"}],"curies":[{"name":"wp","href":"https:\/\/api.w.org\/{rel}","templated":true}]}}