{"id":104404,"date":"2025-01-17T09:37:35","date_gmt":"2025-01-17T08:37:35","guid":{"rendered":"https:\/\/www.depureco.com\/?page_id=104404"},"modified":"2025-01-20T14:31:09","modified_gmt":"2025-01-20T13:31:09","slug":"condiciones-generales-de-venta","status":"publish","type":"page","link":"https:\/\/www.depureco.com\/es\/condiciones-generales-de-venta\/","title":{"rendered":"CONDICIONES GENERALES DE VENTA"},"content":{"rendered":"\n\t<div class=\"_canva-wp-block   \" style=\"border: 1px dashed #1e88e5;\">\n\n\t\t\n\t<div class=\"_header\">\n\n\t\t<div class=\"_header-icon main-section-inner-blocks\">\n\t\t\t<div class=\"_header-icon-wrap canva-p-1\" style=\"background: var(--color-wp-block-bg-icon);\">\n\t\t\t\t<svg version=\"1.1\" xmlns=\"http:\/\/www.w3.org\/2000\/svg\" xmlns:xlink=\"http:\/\/www.w3.org\/1999\/xlink\" x=\"0px\" y=\"0px\" viewbox=\"0 0 256 256\" style=\"enable-background:new 0 0 256 256;\" xml:space=\"preserve\" class=\"_icon icon-wp-block-main-section-inner-blocks \">\n<style type=\"text\/css\">\n\t.st1{fill:#FF0000;}\n\t.st2{fill:none;stroke:#000000;stroke-width:6;stroke-linecap:round;stroke-linejoin:round;stroke-miterlimit:10;}\n\t.st3{fill:none;stroke:#000000;stroke-width:6;stroke-miterlimit:10;}\n\t.st4{fill:none;stroke:#000000;stroke-width:12;stroke-miterlimit:10;}\n\t.st5{display:none;}\n\t.st6{display:inline;fill:#E6007E;}\n<\/style>\n<g id=\"Livello_1\" focusable=\"false\">\n\t<g>\n\t\t<rect x=\"60.5\" y=\"181.4\" style=\"fill:#1e88e5;\" width=\"20\" height=\"12\"><\/rect>\n\t\t<rect x=\"88.5\" y=\"65.4\" style=\"fill:#1e88e5;\" width=\"20\" height=\"12\"><\/rect>\n\t\t<rect x=\"57.5\" y=\"65.4\" style=\"fill:#1e88e5;\" width=\"20\" height=\"12\"><\/rect>\n\t\t<rect x=\"91.5\" y=\"181.4\" style=\"fill:#1e88e5;\" width=\"20\" height=\"12\"><\/rect>\n\t\t<rect x=\"24.5\" y=\"133.4\" style=\"fill:#1e88e5;\" width=\"12\" height=\"20\"><\/rect>\n\t\t<rect x=\"24.5\" y=\"102.4\" style=\"fill:#1e88e5;\" width=\"12\" height=\"20\"><\/rect>\n\t\t<path style=\"fill:#1e88e5;\" d=\"M36.5,77.4h10v-12h-10c-6.6,0-12,5.4-12,12v0c0,6.4,0,14,0,14h12V77.4z\"><\/path>\n\t\t<path style=\"fill:#1e88e5;\" d=\"M212.5,65.4v12h8v16h12V74c0-4.7-3.8-8.6-8.6-8.6H212.5z\"><\/path>\n\t\t<path style=\"fill:#1e88e5;\" d=\"M36.5,164.4h-12v17c0,6.6,5.4,12,12,12h13v-12h-13V164.4z\"><\/path>\n\t\t<rect x=\"119.5\" y=\"65.4\" style=\"fill:#1e88e5;\" width=\"20\" height=\"12\"><\/rect>\n\t\t<rect x=\"181.5\" y=\"65.4\" style=\"fill:#1e88e5;\" width=\"20\" height=\"12\"><\/rect>\n\t\t<rect x=\"220.5\" y=\"135.4\" style=\"fill:#1e88e5;\" width=\"12\" height=\"20\"><\/rect>\n\t\t<path style=\"fill:#1e88e5;\" d=\"M220.5,181.4h-9v12h12.4c4.7,0,8.6-3.8,8.6-8.6v0v-3.4v-15h-12V181.4z\"><\/path>\n\t\t<rect x=\"220.5\" y=\"104.4\" style=\"fill:#1e88e5;\" width=\"12\" height=\"20\"><\/rect>\n\t\t<rect x=\"122.5\" y=\"181.4\" style=\"fill:#1e88e5;\" width=\"20\" height=\"12\"><\/rect>\n\t\t<rect x=\"184.5\" y=\"181.4\" style=\"fill:#1e88e5;\" width=\"16\" height=\"12\"><\/rect>\n\t\t<rect x=\"150.5\" y=\"65.4\" style=\"fill:#1e88e5;\" width=\"20\" height=\"12\"><\/rect>\n\t\t<rect x=\"153.5\" y=\"181.4\" style=\"fill:#1e88e5;\" width=\"20\" height=\"12\"><\/rect>\n\t<\/g>\n\t<path d=\"M52.5,53.7V36h151v17.7h12V36c0-6.6-5.4-12-12-12h-151c-6.6,0-12,5.4-12,12v17.7H52.5z\"><\/path>\n\t<path d=\"M203.5,202.3V220h-151v-17.7h-12V220c0,6.6,5.4,12,12,12h151c6.6,0,12-5.4,12-12v-17.7H203.5z\"><\/path>\n<\/g>\n<g id=\"Note_e_spacer\" class=\"st5\">\n\t<rect class=\"st6\" width=\"24\" height=\"24\"><\/rect>\n\t<rect y=\"232\" class=\"st6\" width=\"24\" height=\"24\"><\/rect>\n<\/g>\n<\/svg>\n\t\t\t<\/div>\n\t\t<\/div>\n\n\t\t<div class=\"_header-info canva-flex-1\">\n\t\t\t<span class=\"_title canva-block canva-fs-xsmall canva-lh-12 canva-fw-700\" style=\"color:var(--color-wp-block-title);\">\n\t\t\t\tSezione Main\t\t\t<\/span>\n\t\t\t\t\t\t\t<span class=\"_description canva-block canva-fs-xxsmall canva-lh-11 canva-fw-400\" style=\"color:var(--color-wp-block-subtitle);\">\n\t\t\t\t\tContenitore di blocchi per sezione di pagina\t\t\t\t<\/span>\n\t\t\t\n\t\t\t\t\t<\/div>\n\t\t\t<\/div>\n\n        \n\t\t<div class=\"_content canva-p-4 canva-bg-white\">\n\n\t\t\t\n\t\t\t<div class=\"user-locked-inner-blocks\">\n\t\t\t\t\n\n<div class=\"wp-block-columns\">\n<div class=\"wp-block-column col-span-12\">\n<h2 class=\"wp-block-heading\">CONDICIONES GENERALES DE VENTA<\/h2>\n\n\n\n<h4 class=\"wp-block-heading\"><strong>1. Precios<\/strong><\/h4>\n\n\n\n<p>1.1 Todos los pedidos recibidos se tramitar\u00e1n a los precios indicados en la lista de precios actual.<\/p>\n\n\n\n<p>1.2 Los precios no incluyen IVA.<\/p>\n\n\n\n<p>1.3 Todos los precios son EXW.<\/p>\n\n\n\n<p>1.4 El precio de los embalajes no est\u00e1 incluido.<\/p>\n\n\n\n<p>1.5 El precio de los embalajes es neto.<\/p>\n\n\n\n<h4 class=\"wp-block-heading\"><strong>2. Pagos<\/strong><\/h4>\n\n\n\n<p>2.1 Pagos tienen que realizarse seg\u00fan los t\u00e9rminos de la factura independientemente de cualquier cr\u00edtica o queja.<\/p>\n\n\n\n<p>2.2 En caso de retraso en los pagos, intereses podr\u00e1n ser aplicados seg\u00fan regulaciones en vigor y cualquier otro tipo de costo a cargo de Depureco ser\u00e1 aplicado.<\/p>\n\n\n\n<p>2.3 En caso de pagos retrasados o en caso de falta de pago, la garant\u00eda no ser\u00e1 m\u00e1s v\u00e1lida.<\/p>\n\n\n\n<p>2.4 La mercanc\u00eda, a\u00fan si ya entregada, permanece de propiedad de Depureco hasta el pago final de la factura.<\/p>\n\n\n\n<h4 class=\"wp-block-heading\"><strong>3. Entregas<\/strong><\/h4>\n\n\n\n<p>3.1 A no ser que haya otros acuerdos, la mercanc\u00eda se considera EX WORKS Volpiano (Turin), Italy.<\/p>\n\n\n\n<p>3.2 La fecha de entrega indicada en la confirmaci\u00f3n del pedido se tiene que considerar aproximada y no vinculante.<\/p>\n\n\n\n<p>3.3 Depureco no podr\u00e1 ser considerada responsable para da\u00f1os o inconveniencias causadas por demoras en la entrega.<\/p>\n\n\n\n<p>3.4 Eventuales demoras no permiten al cliente de cancelar pedidos o de no pagar facturas.<\/p>\n\n\n\n<h4 class=\"wp-block-heading\"><strong>4. Return<\/strong><\/h4>\n\n\n\n<p>4.1 Depureco no acepta productos devueltos sin previo acuerdo.<\/p>\n\n\n\n<h4 class=\"wp-block-heading\"><strong>5. Pruebas operativas<\/strong><\/h4>\n\n\n\n<p>5.1 A no ser que haya otros acuerdos, Depureco no probar\u00e1 los equipos en el sitio del cliente.<\/p>\n\n\n\n<p>5.2 Los productos Depureco son fabricados seg\u00fan las normas Europeas CE.<\/p>\n\n\n\n<p>5.3 Los productos Depureco llevan un voltaje de 230V para las versi\u00f3nes monof\u00e1sicas y 400V para las versi\u00f3ne trif\u00e1sicas. A pedido, despu\u00e9s de aceptaci\u00f3n de la relativa cotizaci\u00f3n por el comprador, Depureco puede proveer aspiradoras con voltajes y frecuencias diferentes<\/p>\n\n\n\n<h4 class=\"wp-block-heading\"><strong>6. Controversias<\/strong><\/h4>\n\n\n\n<p>6.1 Cada controversia ser\u00e1 juzgada exclusivamente por la autoridad legal de Tur\u00edn, Italia.<\/p>\n\n\n\n<p>6.2 Eventuales controversias con clientes extranjeros ser\u00e1n juzgadas seg\u00fan las Normas de la Conciliaci\u00f3n y del Arbitraje de la C\u00e1mara Internacional de Comercio.<\/p>\n\n\n\n<h4 class=\"wp-block-heading\">7. <strong>Garant\u00eda<\/strong><\/h4>\n\n\n\n<p>7.1 La garant\u00eda Depureco es v\u00e1lida durante 12 meses para toda la gama de aspiradores industriales de esta lista de precios, a partir de la fecha de emisi\u00f3n de la factura<\/p>\n\n\n\n<p>7.2 La garant\u00eda Depureco cubre el remplazo de los componentes defectuosos.<\/p>\n\n\n\n<p>7.3 La garant\u00eda Depureco no cubre los da\u00f1os causados por un uso errado de la aspiradora, por un errado voltaje, negligencia, abuso, falta de atenci\u00f3n en los m\u00e1s diferentes usos del aspirador.<\/p>\n\n\n\n<p>7.4 Depureco no remplaza la aspiradora, pero suministra el elemento defectuoso una vez confirmada la cobertura de la garant\u00eda.<\/p>\n\n\n\n<p>7.5 Todos los siguientes art\u00edculos consumibles son exclusos: filtros, mangueras, accesorios, carbones, enchufes y art\u00edculos de normal deterioraci\u00f3n. Motores y turbinas en las cuales se encontrar\u00e1n objetos externos (polvos, l\u00edquidos y s\u00f3lidos) no ser\u00e1n considerados bajo garant\u00eda.<\/p>\n\n\n\n<p>7.6 Ning\u00fan reembolso ser\u00e1 proporcionado para da\u00f1os o problemas causados por fallas o defectos del aspirador bajo garant\u00eda.<\/p>\n\n\n\n<p>7.7 Para que sea comprobada la garant\u00eda, el comprador tiene que enviar a su gasto a Depureco el producto. Depureco lo analizar\u00e1 y en caso de garant\u00eda lo reparar\u00e1 sustituyendo los componentes defectuoso. Los gastos de transporte son a cargo del comprador.<\/p>\n\n\n\n<p>7.8 Para que sea comprobada la garant\u00eda, el comprador tiene que enviar a su gasto a Depureco el producto. Depureco lo analizar\u00e1 y en caso de garant\u00eda lo reparar\u00e1 sustituyendo los componentes defectuoso. Los gastos de transporte son a cargo del comprador.<\/p>\n\n\n\n<p>7.9 Es posible extender la garant\u00eda hasta 3 a\u00f1os por todos los aspiradores, ad exclusi\u00f3n de los que pertenecen a las gamas: Aceite y Virutas y Aspiradores Profesionales. Para poder extender la garant\u00eda es necesario comprar todos lo filtros de repuesto correspondiente a los filtros presente en el aspirador en el momento de la compra.<\/p>\n<\/div>\n<\/div>\n\n\n\t\t\t<\/div>\n\t\t<\/div>\n\n\t<\/div>\n\n","protected":false},"excerpt":{"rendered":"","protected":false},"author":8,"featured_media":0,"parent":0,"menu_order":0,"comment_status":"closed","ping_status":"closed","template":"","meta":{"_acf_changed":false,"footnotes":""},"class_list":["post-104404","page","type-page","status-publish","hentry","opcional"],"acf":[],"yoast_head":"<!-- This site is optimized with the Yoast SEO Premium plugin v26.8 (Yoast SEO v27.3) - https:\/\/yoast.com\/product\/yoast-seo-premium-wordpress\/ -->\n<title>CONDICIONES GENERALES DE VENTA - Depureco<\/title>\n<meta name=\"robots\" content=\"index, follow, max-snippet:-1, max-image-preview:large, max-video-preview:-1\" \/>\n<link rel=\"canonical\" href=\"https:\/\/www.depureco.com\/es\/condiciones-generales-de-venta\/\" \/>\n<meta property=\"og:locale\" content=\"es_ES\" \/>\n<meta property=\"og:type\" content=\"article\" \/>\n<meta property=\"og:title\" content=\"CONDICIONES GENERALES DE VENTA - Depureco\" \/>\n<meta property=\"og:url\" content=\"https:\/\/www.depureco.com\/es\/condiciones-generales-de-venta\/\" \/>\n<meta property=\"og:site_name\" content=\"Depureco\" \/>\n<meta property=\"article:publisher\" content=\"https:\/\/www.facebook.com\/depurecoindustrialvacuums\/\" \/>\n<meta property=\"article:modified_time\" content=\"2025-01-20T13:31:09+00:00\" \/>\n<meta property=\"og:image\" content=\"https:\/\/i0.wp.com\/www.depureco.com\/wp-content\/uploads\/2025\/04\/Accessori-per-la-pulizia-generale.jpg?fit=800%2C600&ssl=1\" \/>\n\t<meta property=\"og:image:width\" content=\"800\" \/>\n\t<meta property=\"og:image:height\" content=\"600\" \/>\n\t<meta property=\"og:image:type\" content=\"image\/jpeg\" \/>\n<meta name=\"twitter:card\" content=\"summary_large_image\" \/>\n<meta name=\"twitter:label1\" content=\"Tiempo de lectura\" \/>\n\t<meta name=\"twitter:data1\" content=\"4 minutos\" \/>\n<script type=\"application\/ld+json\" class=\"yoast-schema-graph\">{\"@context\":\"https:\\\/\\\/schema.org\",\"@graph\":[{\"@type\":\"WebPage\",\"@id\":\"https:\\\/\\\/www.depureco.com\\\/es\\\/condiciones-generales-de-venta\\\/\",\"url\":\"https:\\\/\\\/www.depureco.com\\\/es\\\/condiciones-generales-de-venta\\\/\",\"name\":\"CONDICIONES GENERALES DE VENTA - Depureco\",\"isPartOf\":{\"@id\":\"https:\\\/\\\/www.depureco.com\\\/es\\\/#website\"},\"datePublished\":\"2025-01-17T08:37:35+00:00\",\"dateModified\":\"2025-01-20T13:31:09+00:00\",\"breadcrumb\":{\"@id\":\"https:\\\/\\\/www.depureco.com\\\/es\\\/condiciones-generales-de-venta\\\/#breadcrumb\"},\"inLanguage\":\"es\",\"potentialAction\":[{\"@type\":\"ReadAction\",\"target\":[\"https:\\\/\\\/www.depureco.com\\\/es\\\/condiciones-generales-de-venta\\\/\"]}]},{\"@type\":\"BreadcrumbList\",\"@id\":\"https:\\\/\\\/www.depureco.com\\\/es\\\/condiciones-generales-de-venta\\\/#breadcrumb\",\"itemListElement\":[{\"@type\":\"ListItem\",\"position\":1,\"name\":\"Home\",\"item\":\"https:\\\/\\\/www.depureco.com\\\/es\\\/\"},{\"@type\":\"ListItem\",\"position\":2,\"name\":\"CONDICIONES GENERALES DE VENTA\"}]},{\"@type\":\"WebSite\",\"@id\":\"https:\\\/\\\/www.depureco.com\\\/es\\\/#website\",\"url\":\"https:\\\/\\\/www.depureco.com\\\/es\\\/\",\"name\":\"Depureco\",\"description\":\"\",\"publisher\":{\"@id\":\"https:\\\/\\\/www.depureco.com\\\/es\\\/#organization\"},\"potentialAction\":[{\"@type\":\"SearchAction\",\"target\":{\"@type\":\"EntryPoint\",\"urlTemplate\":\"https:\\\/\\\/www.depureco.com\\\/es\\\/?s={search_term_string}\"},\"query-input\":{\"@type\":\"PropertyValueSpecification\",\"valueRequired\":true,\"valueName\":\"search_term_string\"}}],\"inLanguage\":\"es\"},{\"@type\":\"Organization\",\"@id\":\"https:\\\/\\\/www.depureco.com\\\/es\\\/#organization\",\"name\":\"Depureco Industrial Vacuums Srl\",\"alternateName\":\"Depureco\",\"url\":\"https:\\\/\\\/www.depureco.com\\\/es\\\/\",\"logo\":{\"@type\":\"ImageObject\",\"inLanguage\":\"es\",\"@id\":\"https:\\\/\\\/www.depureco.com\\\/es\\\/#\\\/schema\\\/logo\\\/image\\\/\",\"url\":\"https:\\\/\\\/www.depureco.com\\\/wp-content\\\/uploads\\\/2023\\\/03\\\/depureco-logo-colors.svg\",\"contentUrl\":\"https:\\\/\\\/www.depureco.com\\\/wp-content\\\/uploads\\\/2023\\\/03\\\/depureco-logo-colors.svg\",\"width\":1,\"height\":1,\"caption\":\"Depureco Industrial Vacuums Srl\"},\"image\":{\"@id\":\"https:\\\/\\\/www.depureco.com\\\/es\\\/#\\\/schema\\\/logo\\\/image\\\/\"},\"sameAs\":[\"https:\\\/\\\/www.facebook.com\\\/depurecoindustrialvacuums\\\/\",\"https:\\\/\\\/it.linkedin.com\\\/company\\\/depureco-industrial-vacuums\",\"https:\\\/\\\/www.youtube.com\\\/user\\\/DEPURECOsrl\\\/feed\\\/\",\"https:\\\/\\\/www.wikidata.org\\\/wiki\\\/Q136332161\"],\"description\":\"Depureco is a leading manufacturer of Italian-engineered industrial vacuum systems known for rugged build quality, long-life components, and high filtration performance\u2014including HEPA\\\/H14 and ATEX options. Our engineering team delivers expert customization, tailoring units, accessories, and central systems to each application for safer, cleaner, and more efficient operations.\",\"email\":\"depureco@depureco.com\",\"telephone\":\"+39 011 98.59.117\",\"legalName\":\"Depureco Industrial Vacuums Srl\",\"foundingDate\":\"1972-01-01\",\"vatID\":\"IT02258610357\",\"taxID\":\"IT02258610357\",\"numberOfEmployees\":{\"@type\":\"QuantitativeValue\",\"minValue\":\"51\",\"maxValue\":\"200\"}}]}<\/script>\n<!-- \/ Yoast SEO Premium plugin. -->","yoast_head_json":{"title":"CONDICIONES GENERALES DE VENTA - Depureco","robots":{"index":"index","follow":"follow","max-snippet":"max-snippet:-1","max-image-preview":"max-image-preview:large","max-video-preview":"max-video-preview:-1"},"canonical":"https:\/\/www.depureco.com\/es\/condiciones-generales-de-venta\/","og_locale":"es_ES","og_type":"article","og_title":"CONDICIONES GENERALES DE VENTA - Depureco","og_url":"https:\/\/www.depureco.com\/es\/condiciones-generales-de-venta\/","og_site_name":"Depureco","article_publisher":"https:\/\/www.facebook.com\/depurecoindustrialvacuums\/","article_modified_time":"2025-01-20T13:31:09+00:00","og_image":[{"width":800,"height":600,"url":"https:\/\/i0.wp.com\/www.depureco.com\/wp-content\/uploads\/2025\/04\/Accessori-per-la-pulizia-generale.jpg?fit=800%2C600&ssl=1","type":"image\/jpeg"}],"twitter_card":"summary_large_image","twitter_misc":{"Tiempo de lectura":"4 minutos"},"schema":{"@context":"https:\/\/schema.org","@graph":[{"@type":"WebPage","@id":"https:\/\/www.depureco.com\/es\/condiciones-generales-de-venta\/","url":"https:\/\/www.depureco.com\/es\/condiciones-generales-de-venta\/","name":"CONDICIONES GENERALES DE VENTA - Depureco","isPartOf":{"@id":"https:\/\/www.depureco.com\/es\/#website"},"datePublished":"2025-01-17T08:37:35+00:00","dateModified":"2025-01-20T13:31:09+00:00","breadcrumb":{"@id":"https:\/\/www.depureco.com\/es\/condiciones-generales-de-venta\/#breadcrumb"},"inLanguage":"es","potentialAction":[{"@type":"ReadAction","target":["https:\/\/www.depureco.com\/es\/condiciones-generales-de-venta\/"]}]},{"@type":"BreadcrumbList","@id":"https:\/\/www.depureco.com\/es\/condiciones-generales-de-venta\/#breadcrumb","itemListElement":[{"@type":"ListItem","position":1,"name":"Home","item":"https:\/\/www.depureco.com\/es\/"},{"@type":"ListItem","position":2,"name":"CONDICIONES GENERALES DE VENTA"}]},{"@type":"WebSite","@id":"https:\/\/www.depureco.com\/es\/#website","url":"https:\/\/www.depureco.com\/es\/","name":"Depureco","description":"","publisher":{"@id":"https:\/\/www.depureco.com\/es\/#organization"},"potentialAction":[{"@type":"SearchAction","target":{"@type":"EntryPoint","urlTemplate":"https:\/\/www.depureco.com\/es\/?s={search_term_string}"},"query-input":{"@type":"PropertyValueSpecification","valueRequired":true,"valueName":"search_term_string"}}],"inLanguage":"es"},{"@type":"Organization","@id":"https:\/\/www.depureco.com\/es\/#organization","name":"Depureco Industrial Vacuums Srl","alternateName":"Depureco","url":"https:\/\/www.depureco.com\/es\/","logo":{"@type":"ImageObject","inLanguage":"es","@id":"https:\/\/www.depureco.com\/es\/#\/schema\/logo\/image\/","url":"https:\/\/www.depureco.com\/wp-content\/uploads\/2023\/03\/depureco-logo-colors.svg","contentUrl":"https:\/\/www.depureco.com\/wp-content\/uploads\/2023\/03\/depureco-logo-colors.svg","width":1,"height":1,"caption":"Depureco Industrial Vacuums Srl"},"image":{"@id":"https:\/\/www.depureco.com\/es\/#\/schema\/logo\/image\/"},"sameAs":["https:\/\/www.facebook.com\/depurecoindustrialvacuums\/","https:\/\/it.linkedin.com\/company\/depureco-industrial-vacuums","https:\/\/www.youtube.com\/user\/DEPURECOsrl\/feed\/","https:\/\/www.wikidata.org\/wiki\/Q136332161"],"description":"Depureco is a leading manufacturer of Italian-engineered industrial vacuum systems known for rugged build quality, long-life components, and high filtration performance\u2014including HEPA\/H14 and ATEX options. Our engineering team delivers expert customization, tailoring units, accessories, and central systems to each application for safer, cleaner, and more efficient operations.","email":"depureco@depureco.com","telephone":"+39 011 98.59.117","legalName":"Depureco Industrial Vacuums Srl","foundingDate":"1972-01-01","vatID":"IT02258610357","taxID":"IT02258610357","numberOfEmployees":{"@type":"QuantitativeValue","minValue":"51","maxValue":"200"}}]}},"jetpack_sharing_enabled":true,"_links":{"self":[{"href":"https:\/\/www.depureco.com\/es\/wp-json\/wp\/v2\/pages\/104404","targetHints":{"allow":["GET"]}}],"collection":[{"href":"https:\/\/www.depureco.com\/es\/wp-json\/wp\/v2\/pages"}],"about":[{"href":"https:\/\/www.depureco.com\/es\/wp-json\/wp\/v2\/types\/page"}],"author":[{"embeddable":true,"href":"https:\/\/www.depureco.com\/es\/wp-json\/wp\/v2\/users\/8"}],"replies":[{"embeddable":true,"href":"https:\/\/www.depureco.com\/es\/wp-json\/wp\/v2\/comments?post=104404"}],"version-history":[{"count":0,"href":"https:\/\/www.depureco.com\/es\/wp-json\/wp\/v2\/pages\/104404\/revisions"}],"wp:attachment":[{"href":"https:\/\/www.depureco.com\/es\/wp-json\/wp\/v2\/media?parent=104404"}],"curies":[{"name":"wp","href":"https:\/\/api.w.org\/{rel}","templated":true}]}}