{"id":69380,"date":"2023-03-03T10:14:39","date_gmt":"2023-03-03T09:14:39","guid":{"rendered":"https:\/\/www.depureco.com\/lavora-con-noi\/"},"modified":"2024-10-30T15:33:41","modified_gmt":"2024-10-30T14:33:41","slug":"trabaja-con-nosotros","status":"publish","type":"page","link":"https:\/\/www.depureco.com\/es\/trabaja-con-nosotros\/","title":{"rendered":"Trabaja con nosotros"},"content":{"rendered":"\n\t<div class=\"_canva-wp-block   _has-classes\">\n\n\t\t\n\t<div class=\"_header\">\n\n\t\t<div class=\"_header-icon hero-primary\">\n\t\t\t<div class=\"_header-icon-wrap canva-p-1\" style=\"background: var(--color-wp-block-bg-icon);\">\n\t\t\t\t<svg version=\"1.1\" xmlns=\"http:\/\/www.w3.org\/2000\/svg\" xmlns:xlink=\"http:\/\/www.w3.org\/1999\/xlink\" x=\"0px\" y=\"0px\" viewbox=\"0 0 256 256\" style=\"enable-background:new 0 0 256 256;\" xml:space=\"preserve\" class=\"_icon icon-wp-block-hero-primary \">\n<style type=\"text\/css\">\n\t.st0{fill:#1E88E5;}\n\t.st1{fill:#FF0000;}\n\t.st2{fill:none;stroke:#000000;stroke-width:6;stroke-linecap:round;stroke-linejoin:round;stroke-miterlimit:10;}\n\t.st3{fill:none;stroke:#000000;stroke-width:6;stroke-miterlimit:10;}\n\t.st4{fill:none;stroke:#000000;stroke-width:12;stroke-miterlimit:10;}\n\t.st5{display:none;}\n\t.st6{display:inline;fill:#E6007E;}\n<\/style>\n<g id=\"Livello_1\" focusable=\"false\">\n\t<rect x=\"52.4\" y=\"92.8\" width=\"97.6\" height=\"12\"><\/rect>\n\t<rect x=\"52.4\" y=\"121.4\" width=\"60\" height=\"6\"><\/rect>\n\t<path d=\"M84.4,188l-4.2-4.2l43-43c5.9-5.9,15.4-5.9,21.2,0c3.5,3.5,9.2,3.5,12.8,0l23.5-23.5c5.9-5.9,15.4-5.9,21.2,0l24.8,24.8\n\t\tl-4.2,4.2l-24.8-24.8c-3.5-3.5-9.2-3.5-12.8,0L161.4,145c-5.9,5.9-15.4,5.9-21.2,0c-3.5-3.5-9.2-3.5-12.8,0L84.4,188z\"><\/path>\n\t<g>\n\t\t<path d=\"M220,77.4v104H36v-104H220 M220,65.4H36c-6.6,0-12,5.4-12,12v104c0,6.6,5.4,12,12,12h184c6.6,0,12-5.4,12-12v-104\n\t\t\tC232,70.8,226.6,65.4,220,65.4L220,65.4z\"><\/path>\n\t<\/g>\n<\/g>\n<g id=\"Note_e_spacer\" class=\"st5\">\n\t<rect class=\"st6\" width=\"24\" height=\"24\"><\/rect>\n<\/g>\n<\/svg>\n\t\t\t<\/div>\n\t\t<\/div>\n\n\t\t<div class=\"_header-info canva-flex-1\">\n\t\t\t<span class=\"_title canva-block canva-fs-xsmall canva-lh-12 canva-fw-700\" style=\"color:var(--color-wp-block-title);\">\n\t\t\t\tHero\t\t\t<\/span>\n\t\t\t\t\t\t\t<span class=\"_description canva-block canva-fs-xxsmall canva-lh-11 canva-fw-400\" style=\"color:var(--color-wp-block-subtitle);\">\n\t\t\t\t\tHero con titoli, descrizioni, pulsanti, sfondi con immagini e video\t\t\t\t<\/span>\n\t\t\t\n\t\t\t\t\t\t\t<span class=\"_css_classes canva-block canva-fs-xxsmall canva-lh-11 canva-fw-400\" style=\"color:var(--color-wp-block-subtitle);\">\n\t\t\t\t\tCSS Classes: isdark\t\t\t\t<\/span>\n\t\t\t\t\t<\/div>\n\t\t\t<\/div>\n\n\n\t\t<div class=\"_content canva-p-4\">\n\n\t\t\t\n\t\t\t\t<div class=\"_hero-preview canva-flex\">\n\n\t\t\t\t\t<figure id=\"media-56999\" class=\"canva-width-48 canva-p-0 canva-m-0 canva-mr-4\"  data-url=\"https:\/\/i0.wp.com\/www.depureco.com\/wp-content\/uploads\/2023\/03\/7050197_copia.jpg?fit=2000%2C1500&#038;ssl=1\"  data-size=\"2000x1500\"  width=\"640\" height=\"480\"><img decoding=\"auto\" class=\"_no-translate \"  src=\"https:\/\/i0.wp.com\/www.depureco.com\/wp-content\/uploads\/2023\/03\/7050197_copia.jpg?fit=640%2C480&#038;ssl=1\" loading=\"lazy\" alt=\"OLYMPUS DIGITAL CAMERA\" title=\"OLYMPUS DIGITAL CAMERA\" style=\"\" width=\"640\" height=\"480\"  fetchpriority=\"low\" \/> <figcaption class=\"image-caption block hidden\">OLYMPUS DIGITAL CAMERA<\/figcaption><\/figure>\n\t\t\t\t\t<div class=\"canva-info canva-flex-1 canva-ml-4\">\n\n\t\t\t\t\t\t<span class=\"canva-block canva-mb-2 canva-fs-h2 canva-font-theme canva-fw-700 canva-lh-11\">\n\t\t\t\t\t\t\tTrabaja con nosotros | <BR>DEPURECO\t\t\t\t\t\t<\/span>\n\n\t\t\t\t\t\t<span class=\"canva-block canva-fs-h4 canva-font-theme canva-lh-11\">\n\t\t\t\t\t\t\t<p><span>Depureco Industrial Vacuums es una empresa joven y din\u00e1mica, en constante expansi\u00f3n por el territorio nacional e internacional. Por ello, estamos constantemente buscando diferentes figuras competentes a las que proponemos un estimulante proyecto de desarrollo personal y profesional.<\/span><\/p>\n\t\t\t\t\t\t<\/span>\n\n\t\t\t\t\t\t<span class=\"canva-block canva-fs-h4 canva-font-theme canva-lh-11\">\n\t\t\t\t\t\t\t\t\t\t\t\t\t<\/span>\n\n\t\t\t\t\t<\/div>\n\n\t\t\t\t<\/div>\n\t\t\t\t\t<\/div>\n\n\t<\/div>\n\n\n\n\n\t<div class=\"_canva-wp-block   _has-classes\" style=\"border: 1px dashed #1e88e5;\">\n\n\t\t\n\t<div class=\"_header\">\n\n\t\t<div class=\"_header-icon main-section-inner-blocks\">\n\t\t\t<div class=\"_header-icon-wrap canva-p-1\" style=\"background: var(--color-wp-block-bg-icon);\">\n\t\t\t\t<svg version=\"1.1\" xmlns=\"http:\/\/www.w3.org\/2000\/svg\" xmlns:xlink=\"http:\/\/www.w3.org\/1999\/xlink\" x=\"0px\" y=\"0px\" viewbox=\"0 0 256 256\" style=\"enable-background:new 0 0 256 256;\" xml:space=\"preserve\" class=\"_icon icon-wp-block-main-section-inner-blocks \">\n<style type=\"text\/css\">\n\t.st1{fill:#FF0000;}\n\t.st2{fill:none;stroke:#000000;stroke-width:6;stroke-linecap:round;stroke-linejoin:round;stroke-miterlimit:10;}\n\t.st3{fill:none;stroke:#000000;stroke-width:6;stroke-miterlimit:10;}\n\t.st4{fill:none;stroke:#000000;stroke-width:12;stroke-miterlimit:10;}\n\t.st5{display:none;}\n\t.st6{display:inline;fill:#E6007E;}\n<\/style>\n<g id=\"Livello_1\" focusable=\"false\">\n\t<g>\n\t\t<rect x=\"60.5\" y=\"181.4\" style=\"fill:#1e88e5;\" width=\"20\" height=\"12\"><\/rect>\n\t\t<rect x=\"88.5\" y=\"65.4\" style=\"fill:#1e88e5;\" width=\"20\" height=\"12\"><\/rect>\n\t\t<rect x=\"57.5\" y=\"65.4\" style=\"fill:#1e88e5;\" width=\"20\" height=\"12\"><\/rect>\n\t\t<rect x=\"91.5\" y=\"181.4\" style=\"fill:#1e88e5;\" width=\"20\" height=\"12\"><\/rect>\n\t\t<rect x=\"24.5\" y=\"133.4\" style=\"fill:#1e88e5;\" width=\"12\" height=\"20\"><\/rect>\n\t\t<rect x=\"24.5\" y=\"102.4\" style=\"fill:#1e88e5;\" width=\"12\" height=\"20\"><\/rect>\n\t\t<path style=\"fill:#1e88e5;\" d=\"M36.5,77.4h10v-12h-10c-6.6,0-12,5.4-12,12v0c0,6.4,0,14,0,14h12V77.4z\"><\/path>\n\t\t<path style=\"fill:#1e88e5;\" d=\"M212.5,65.4v12h8v16h12V74c0-4.7-3.8-8.6-8.6-8.6H212.5z\"><\/path>\n\t\t<path style=\"fill:#1e88e5;\" d=\"M36.5,164.4h-12v17c0,6.6,5.4,12,12,12h13v-12h-13V164.4z\"><\/path>\n\t\t<rect x=\"119.5\" y=\"65.4\" style=\"fill:#1e88e5;\" width=\"20\" height=\"12\"><\/rect>\n\t\t<rect x=\"181.5\" y=\"65.4\" style=\"fill:#1e88e5;\" width=\"20\" height=\"12\"><\/rect>\n\t\t<rect x=\"220.5\" y=\"135.4\" style=\"fill:#1e88e5;\" width=\"12\" height=\"20\"><\/rect>\n\t\t<path style=\"fill:#1e88e5;\" d=\"M220.5,181.4h-9v12h12.4c4.7,0,8.6-3.8,8.6-8.6v0v-3.4v-15h-12V181.4z\"><\/path>\n\t\t<rect x=\"220.5\" y=\"104.4\" style=\"fill:#1e88e5;\" width=\"12\" height=\"20\"><\/rect>\n\t\t<rect x=\"122.5\" y=\"181.4\" style=\"fill:#1e88e5;\" width=\"20\" height=\"12\"><\/rect>\n\t\t<rect x=\"184.5\" y=\"181.4\" style=\"fill:#1e88e5;\" width=\"16\" height=\"12\"><\/rect>\n\t\t<rect x=\"150.5\" y=\"65.4\" style=\"fill:#1e88e5;\" width=\"20\" height=\"12\"><\/rect>\n\t\t<rect x=\"153.5\" y=\"181.4\" style=\"fill:#1e88e5;\" width=\"20\" height=\"12\"><\/rect>\n\t<\/g>\n\t<path d=\"M52.5,53.7V36h151v17.7h12V36c0-6.6-5.4-12-12-12h-151c-6.6,0-12,5.4-12,12v17.7H52.5z\"><\/path>\n\t<path d=\"M203.5,202.3V220h-151v-17.7h-12V220c0,6.6,5.4,12,12,12h151c6.6,0,12-5.4,12-12v-17.7H203.5z\"><\/path>\n<\/g>\n<g id=\"Note_e_spacer\" class=\"st5\">\n\t<rect class=\"st6\" width=\"24\" height=\"24\"><\/rect>\n\t<rect y=\"232\" class=\"st6\" width=\"24\" height=\"24\"><\/rect>\n<\/g>\n<\/svg>\n\t\t\t<\/div>\n\t\t<\/div>\n\n\t\t<div class=\"_header-info canva-flex-1\">\n\t\t\t<span class=\"_title canva-block canva-fs-xsmall canva-lh-12 canva-fw-700\" style=\"color:var(--color-wp-block-title);\">\n\t\t\t\tSezione Main\t\t\t<\/span>\n\t\t\t\t\t\t\t<span class=\"_description canva-block canva-fs-xxsmall canva-lh-11 canva-fw-400\" style=\"color:var(--color-wp-block-subtitle);\">\n\t\t\t\t\tContenitore di blocchi per sezione di pagina\t\t\t\t<\/span>\n\t\t\t\n\t\t\t\t\t\t\t<span class=\"_css_classes canva-block canva-fs-xxsmall canva-lh-11 canva-fw-400\" style=\"color:var(--color-wp-block-subtitle);\">\n\t\t\t\t\tCSS Classes: pt-16\t\t\t\t<\/span>\n\t\t\t\t\t<\/div>\n\t\t\t<\/div>\n\n        \n\t\t<div class=\"_content canva-p-4 canva-bg-white\">\n\n\t\t\t\n\t\t\t<div class=\"user-locked-inner-blocks\">\n\t\t\t\t\n\n<div class=\"wp-block-columns gap-y-8 lg:gap-16\">\n<div class=\"wp-block-column col-span-12 md:col-span-6 order-2 md:order-1\">\t<div class=\"canva-wp-block canva-flex\">\n\n\t\t<div class=\"_info canva-width-24 canva-p-4 canva-bg-grey-lighter\">\n\t\t\t<span class=\"title canva-block canva-mb-2 canva-fs-xxsmall canva-font-system canva-lh-10\" style=\"\">Script Intersection Loader<\/span>\n\n\t\t\t<figure class=\"canva-width-12 canva-m-0\">\n\t\t\t\t<span class=\"dashicons dashicons-embed-generic\"><\/span>\n\t\t\t<\/figure>\n\t\t<\/div>\n\n\t\t<div class=\"_content canva-flex-1 canva-p-4 canva-bg-white\">\n\t\t\t<h3 class=\"canva-flex canva-align-middle canva-mt-0 canva-mb-2 canva-p-2 canva-font-theme canva-fs-h5 canva-fw-700 canva-lh-10 canva-bg-grey-lighter\">\n\t\t\t\tImposta il blocco\t\t\t<\/h3>\n\t\t<\/div>\n\n\t<\/div>\n\n\t<\/div>\n\n\n\n<div class=\"wp-block-column col-span-12 md:col-span-6 order-1 md:order-2\">\n<h4 class=\"wp-block-heading fs-huge text-primary\">\u00bfEs usted nuestro pr\u00f3ximo colega?<\/h4>\n\n\n\n<p>Energ\u00eda, determinaci\u00f3n y compromiso son las caracter\u00edsticas para entrar a formar parte del universo Depureco. El perfil ideal es una figura proactiva, flexible, pero, sobre todo, capaz de trabajar en equipo y con gran determinaci\u00f3n.<\/p>\n\n\n\n<p>Si considera ser la persona id\u00f3nea, no dude en enviarnos su candidatura. Env\u00edenos su curr\u00edculum: lo valoraremos con suma atenci\u00f3n.<\/p>\n<\/div>\n<\/div>\n\n\n\t\t\t<\/div>\n\t\t<\/div>\n\n\t<\/div>\n\n","protected":false},"excerpt":{"rendered":"","protected":false},"author":8,"featured_media":0,"parent":0,"menu_order":0,"comment_status":"closed","ping_status":"closed","template":"","meta":{"_acf_changed":false,"footnotes":""},"class_list":["post-69380","page","type-page","status-publish","hentry","opcional"],"acf":[],"yoast_head":"<!-- This site is optimized with the Yoast SEO Premium plugin v26.8 (Yoast SEO v27.4) - https:\/\/yoast.com\/product\/yoast-seo-premium-wordpress\/ -->\n<title>Trabaja con nosotros - Depureco<\/title>\n<meta name=\"robots\" content=\"index, follow, max-snippet:-1, max-image-preview:large, max-video-preview:-1\" \/>\n<link rel=\"canonical\" href=\"https:\/\/www.depureco.com\/es\/trabaja-con-nosotros\/\" \/>\n<meta property=\"og:locale\" content=\"es_ES\" \/>\n<meta property=\"og:type\" content=\"article\" \/>\n<meta property=\"og:title\" content=\"Trabaja con nosotros - Depureco\" \/>\n<meta property=\"og:url\" content=\"https:\/\/www.depureco.com\/es\/trabaja-con-nosotros\/\" \/>\n<meta property=\"og:site_name\" content=\"Depureco\" \/>\n<meta property=\"article:publisher\" content=\"https:\/\/www.facebook.com\/depurecoindustrialvacuums\/\" \/>\n<meta property=\"article:modified_time\" content=\"2024-10-30T14:33:41+00:00\" \/>\n<meta property=\"og:image\" content=\"https:\/\/i0.wp.com\/www.depureco.com\/wp-content\/uploads\/2025\/04\/Accessori-per-la-pulizia-generale.jpg?fit=800%2C600&ssl=1\" \/>\n\t<meta property=\"og:image:width\" content=\"800\" \/>\n\t<meta property=\"og:image:height\" content=\"600\" \/>\n\t<meta property=\"og:image:type\" content=\"image\/jpeg\" \/>\n<meta name=\"twitter:card\" content=\"summary_large_image\" \/>\n<meta name=\"twitter:label1\" content=\"Tiempo de lectura\" \/>\n\t<meta name=\"twitter:data1\" content=\"1 minuto\" \/>\n<script type=\"application\/ld+json\" class=\"yoast-schema-graph\">{\"@context\":\"https:\\\/\\\/schema.org\",\"@graph\":[{\"@type\":\"WebPage\",\"@id\":\"https:\\\/\\\/www.depureco.com\\\/es\\\/trabaja-con-nosotros\\\/\",\"url\":\"https:\\\/\\\/www.depureco.com\\\/es\\\/trabaja-con-nosotros\\\/\",\"name\":\"Trabaja con nosotros - Depureco\",\"isPartOf\":{\"@id\":\"https:\\\/\\\/www.depureco.com\\\/es\\\/#website\"},\"datePublished\":\"2023-03-03T09:14:39+00:00\",\"dateModified\":\"2024-10-30T14:33:41+00:00\",\"breadcrumb\":{\"@id\":\"https:\\\/\\\/www.depureco.com\\\/es\\\/trabaja-con-nosotros\\\/#breadcrumb\"},\"inLanguage\":\"es\",\"potentialAction\":[{\"@type\":\"ReadAction\",\"target\":[\"https:\\\/\\\/www.depureco.com\\\/es\\\/trabaja-con-nosotros\\\/\"]}]},{\"@type\":\"BreadcrumbList\",\"@id\":\"https:\\\/\\\/www.depureco.com\\\/es\\\/trabaja-con-nosotros\\\/#breadcrumb\",\"itemListElement\":[{\"@type\":\"ListItem\",\"position\":1,\"name\":\"Home\",\"item\":\"https:\\\/\\\/www.depureco.com\\\/es\\\/\"},{\"@type\":\"ListItem\",\"position\":2,\"name\":\"Trabaja con nosotros\"}]},{\"@type\":\"WebSite\",\"@id\":\"https:\\\/\\\/www.depureco.com\\\/es\\\/#website\",\"url\":\"https:\\\/\\\/www.depureco.com\\\/es\\\/\",\"name\":\"Depureco\",\"description\":\"\",\"publisher\":{\"@id\":\"https:\\\/\\\/www.depureco.com\\\/es\\\/#organization\"},\"potentialAction\":[{\"@type\":\"SearchAction\",\"target\":{\"@type\":\"EntryPoint\",\"urlTemplate\":\"https:\\\/\\\/www.depureco.com\\\/es\\\/?s={search_term_string}\"},\"query-input\":{\"@type\":\"PropertyValueSpecification\",\"valueRequired\":true,\"valueName\":\"search_term_string\"}}],\"inLanguage\":\"es\"},{\"@type\":\"Organization\",\"@id\":\"https:\\\/\\\/www.depureco.com\\\/es\\\/#organization\",\"name\":\"Depureco Industrial Vacuums Srl\",\"alternateName\":\"Depureco\",\"url\":\"https:\\\/\\\/www.depureco.com\\\/es\\\/\",\"logo\":{\"@type\":\"ImageObject\",\"inLanguage\":\"es\",\"@id\":\"https:\\\/\\\/www.depureco.com\\\/es\\\/#\\\/schema\\\/logo\\\/image\\\/\",\"url\":\"https:\\\/\\\/www.depureco.com\\\/wp-content\\\/uploads\\\/2023\\\/03\\\/depureco-logo-colors.svg\",\"contentUrl\":\"https:\\\/\\\/www.depureco.com\\\/wp-content\\\/uploads\\\/2023\\\/03\\\/depureco-logo-colors.svg\",\"width\":1,\"height\":1,\"caption\":\"Depureco Industrial Vacuums Srl\"},\"image\":{\"@id\":\"https:\\\/\\\/www.depureco.com\\\/es\\\/#\\\/schema\\\/logo\\\/image\\\/\"},\"sameAs\":[\"https:\\\/\\\/www.facebook.com\\\/depurecoindustrialvacuums\\\/\",\"https:\\\/\\\/it.linkedin.com\\\/company\\\/depureco-industrial-vacuums\",\"https:\\\/\\\/www.youtube.com\\\/user\\\/DEPURECOsrl\\\/feed\\\/\",\"https:\\\/\\\/www.wikidata.org\\\/wiki\\\/Q136332161\"],\"description\":\"Depureco is a leading manufacturer of Italian-engineered industrial vacuum systems known for rugged build quality, long-life components, and high filtration performance\u2014including HEPA\\\/H14 and ATEX options. Our engineering team delivers expert customization, tailoring units, accessories, and central systems to each application for safer, cleaner, and more efficient operations.\",\"email\":\"depureco@depureco.com\",\"telephone\":\"+39 011 98.59.117\",\"legalName\":\"Depureco Industrial Vacuums Srl\",\"foundingDate\":\"1972-01-01\",\"vatID\":\"IT02258610357\",\"taxID\":\"IT02258610357\",\"numberOfEmployees\":{\"@type\":\"QuantitativeValue\",\"minValue\":\"51\",\"maxValue\":\"200\"}}]}<\/script>\n<!-- \/ Yoast SEO Premium plugin. -->","yoast_head_json":{"title":"Trabaja con nosotros - Depureco","robots":{"index":"index","follow":"follow","max-snippet":"max-snippet:-1","max-image-preview":"max-image-preview:large","max-video-preview":"max-video-preview:-1"},"canonical":"https:\/\/www.depureco.com\/es\/trabaja-con-nosotros\/","og_locale":"es_ES","og_type":"article","og_title":"Trabaja con nosotros - Depureco","og_url":"https:\/\/www.depureco.com\/es\/trabaja-con-nosotros\/","og_site_name":"Depureco","article_publisher":"https:\/\/www.facebook.com\/depurecoindustrialvacuums\/","article_modified_time":"2024-10-30T14:33:41+00:00","og_image":[{"width":800,"height":600,"url":"https:\/\/i0.wp.com\/www.depureco.com\/wp-content\/uploads\/2025\/04\/Accessori-per-la-pulizia-generale.jpg?fit=800%2C600&ssl=1","type":"image\/jpeg"}],"twitter_card":"summary_large_image","twitter_misc":{"Tiempo de lectura":"1 minuto"},"schema":{"@context":"https:\/\/schema.org","@graph":[{"@type":"WebPage","@id":"https:\/\/www.depureco.com\/es\/trabaja-con-nosotros\/","url":"https:\/\/www.depureco.com\/es\/trabaja-con-nosotros\/","name":"Trabaja con nosotros - Depureco","isPartOf":{"@id":"https:\/\/www.depureco.com\/es\/#website"},"datePublished":"2023-03-03T09:14:39+00:00","dateModified":"2024-10-30T14:33:41+00:00","breadcrumb":{"@id":"https:\/\/www.depureco.com\/es\/trabaja-con-nosotros\/#breadcrumb"},"inLanguage":"es","potentialAction":[{"@type":"ReadAction","target":["https:\/\/www.depureco.com\/es\/trabaja-con-nosotros\/"]}]},{"@type":"BreadcrumbList","@id":"https:\/\/www.depureco.com\/es\/trabaja-con-nosotros\/#breadcrumb","itemListElement":[{"@type":"ListItem","position":1,"name":"Home","item":"https:\/\/www.depureco.com\/es\/"},{"@type":"ListItem","position":2,"name":"Trabaja con nosotros"}]},{"@type":"WebSite","@id":"https:\/\/www.depureco.com\/es\/#website","url":"https:\/\/www.depureco.com\/es\/","name":"Depureco","description":"","publisher":{"@id":"https:\/\/www.depureco.com\/es\/#organization"},"potentialAction":[{"@type":"SearchAction","target":{"@type":"EntryPoint","urlTemplate":"https:\/\/www.depureco.com\/es\/?s={search_term_string}"},"query-input":{"@type":"PropertyValueSpecification","valueRequired":true,"valueName":"search_term_string"}}],"inLanguage":"es"},{"@type":"Organization","@id":"https:\/\/www.depureco.com\/es\/#organization","name":"Depureco Industrial Vacuums Srl","alternateName":"Depureco","url":"https:\/\/www.depureco.com\/es\/","logo":{"@type":"ImageObject","inLanguage":"es","@id":"https:\/\/www.depureco.com\/es\/#\/schema\/logo\/image\/","url":"https:\/\/www.depureco.com\/wp-content\/uploads\/2023\/03\/depureco-logo-colors.svg","contentUrl":"https:\/\/www.depureco.com\/wp-content\/uploads\/2023\/03\/depureco-logo-colors.svg","width":1,"height":1,"caption":"Depureco Industrial Vacuums Srl"},"image":{"@id":"https:\/\/www.depureco.com\/es\/#\/schema\/logo\/image\/"},"sameAs":["https:\/\/www.facebook.com\/depurecoindustrialvacuums\/","https:\/\/it.linkedin.com\/company\/depureco-industrial-vacuums","https:\/\/www.youtube.com\/user\/DEPURECOsrl\/feed\/","https:\/\/www.wikidata.org\/wiki\/Q136332161"],"description":"Depureco is a leading manufacturer of Italian-engineered industrial vacuum systems known for rugged build quality, long-life components, and high filtration performance\u2014including HEPA\/H14 and ATEX options. Our engineering team delivers expert customization, tailoring units, accessories, and central systems to each application for safer, cleaner, and more efficient operations.","email":"depureco@depureco.com","telephone":"+39 011 98.59.117","legalName":"Depureco Industrial Vacuums Srl","foundingDate":"1972-01-01","vatID":"IT02258610357","taxID":"IT02258610357","numberOfEmployees":{"@type":"QuantitativeValue","minValue":"51","maxValue":"200"}}]}},"jetpack_sharing_enabled":true,"_links":{"self":[{"href":"https:\/\/www.depureco.com\/es\/wp-json\/wp\/v2\/pages\/69380","targetHints":{"allow":["GET"]}}],"collection":[{"href":"https:\/\/www.depureco.com\/es\/wp-json\/wp\/v2\/pages"}],"about":[{"href":"https:\/\/www.depureco.com\/es\/wp-json\/wp\/v2\/types\/page"}],"author":[{"embeddable":true,"href":"https:\/\/www.depureco.com\/es\/wp-json\/wp\/v2\/users\/8"}],"replies":[{"embeddable":true,"href":"https:\/\/www.depureco.com\/es\/wp-json\/wp\/v2\/comments?post=69380"}],"version-history":[{"count":0,"href":"https:\/\/www.depureco.com\/es\/wp-json\/wp\/v2\/pages\/69380\/revisions"}],"wp:attachment":[{"href":"https:\/\/www.depureco.com\/es\/wp-json\/wp\/v2\/media?parent=69380"}],"curies":[{"name":"wp","href":"https:\/\/api.w.org\/{rel}","templated":true}]}}