{"id":104395,"date":"2025-01-17T09:37:35","date_gmt":"2025-01-17T08:37:35","guid":{"rendered":"https:\/\/www.depureco.com\/?page_id=104395"},"modified":"2025-01-20T14:27:02","modified_gmt":"2025-01-20T13:27:02","slug":"conditions-generales-de-vente","status":"publish","type":"page","link":"https:\/\/www.depureco.com\/fr\/conditions-generales-de-vente\/","title":{"rendered":"Conditions g\u00e9n\u00e9rales de vente"},"content":{"rendered":"\n\t<div class=\"_canva-wp-block   \" style=\"border: 1px dashed #1e88e5;\">\n\n\t\t\n\t<div class=\"_header\">\n\n\t\t<div class=\"_header-icon main-section-inner-blocks\">\n\t\t\t<div class=\"_header-icon-wrap canva-p-1\" style=\"background: var(--color-wp-block-bg-icon);\">\n\t\t\t\t<svg version=\"1.1\" xmlns=\"http:\/\/www.w3.org\/2000\/svg\" xmlns:xlink=\"http:\/\/www.w3.org\/1999\/xlink\" x=\"0px\" y=\"0px\" viewbox=\"0 0 256 256\" style=\"enable-background:new 0 0 256 256;\" xml:space=\"preserve\" class=\"_icon icon-wp-block-main-section-inner-blocks \">\n<style type=\"text\/css\">\n\t.st1{fill:#FF0000;}\n\t.st2{fill:none;stroke:#000000;stroke-width:6;stroke-linecap:round;stroke-linejoin:round;stroke-miterlimit:10;}\n\t.st3{fill:none;stroke:#000000;stroke-width:6;stroke-miterlimit:10;}\n\t.st4{fill:none;stroke:#000000;stroke-width:12;stroke-miterlimit:10;}\n\t.st5{display:none;}\n\t.st6{display:inline;fill:#E6007E;}\n<\/style>\n<g id=\"Livello_1\" focusable=\"false\">\n\t<g>\n\t\t<rect x=\"60.5\" y=\"181.4\" style=\"fill:#1e88e5;\" width=\"20\" height=\"12\"><\/rect>\n\t\t<rect x=\"88.5\" y=\"65.4\" style=\"fill:#1e88e5;\" width=\"20\" height=\"12\"><\/rect>\n\t\t<rect x=\"57.5\" y=\"65.4\" style=\"fill:#1e88e5;\" width=\"20\" height=\"12\"><\/rect>\n\t\t<rect x=\"91.5\" y=\"181.4\" style=\"fill:#1e88e5;\" width=\"20\" height=\"12\"><\/rect>\n\t\t<rect x=\"24.5\" y=\"133.4\" style=\"fill:#1e88e5;\" width=\"12\" height=\"20\"><\/rect>\n\t\t<rect x=\"24.5\" y=\"102.4\" style=\"fill:#1e88e5;\" width=\"12\" height=\"20\"><\/rect>\n\t\t<path style=\"fill:#1e88e5;\" d=\"M36.5,77.4h10v-12h-10c-6.6,0-12,5.4-12,12v0c0,6.4,0,14,0,14h12V77.4z\"><\/path>\n\t\t<path style=\"fill:#1e88e5;\" d=\"M212.5,65.4v12h8v16h12V74c0-4.7-3.8-8.6-8.6-8.6H212.5z\"><\/path>\n\t\t<path style=\"fill:#1e88e5;\" d=\"M36.5,164.4h-12v17c0,6.6,5.4,12,12,12h13v-12h-13V164.4z\"><\/path>\n\t\t<rect x=\"119.5\" y=\"65.4\" style=\"fill:#1e88e5;\" width=\"20\" height=\"12\"><\/rect>\n\t\t<rect x=\"181.5\" y=\"65.4\" style=\"fill:#1e88e5;\" width=\"20\" height=\"12\"><\/rect>\n\t\t<rect x=\"220.5\" y=\"135.4\" style=\"fill:#1e88e5;\" width=\"12\" height=\"20\"><\/rect>\n\t\t<path style=\"fill:#1e88e5;\" d=\"M220.5,181.4h-9v12h12.4c4.7,0,8.6-3.8,8.6-8.6v0v-3.4v-15h-12V181.4z\"><\/path>\n\t\t<rect x=\"220.5\" y=\"104.4\" style=\"fill:#1e88e5;\" width=\"12\" height=\"20\"><\/rect>\n\t\t<rect x=\"122.5\" y=\"181.4\" style=\"fill:#1e88e5;\" width=\"20\" height=\"12\"><\/rect>\n\t\t<rect x=\"184.5\" y=\"181.4\" style=\"fill:#1e88e5;\" width=\"16\" height=\"12\"><\/rect>\n\t\t<rect x=\"150.5\" y=\"65.4\" style=\"fill:#1e88e5;\" width=\"20\" height=\"12\"><\/rect>\n\t\t<rect x=\"153.5\" y=\"181.4\" style=\"fill:#1e88e5;\" width=\"20\" height=\"12\"><\/rect>\n\t<\/g>\n\t<path d=\"M52.5,53.7V36h151v17.7h12V36c0-6.6-5.4-12-12-12h-151c-6.6,0-12,5.4-12,12v17.7H52.5z\"><\/path>\n\t<path d=\"M203.5,202.3V220h-151v-17.7h-12V220c0,6.6,5.4,12,12,12h151c6.6,0,12-5.4,12-12v-17.7H203.5z\"><\/path>\n<\/g>\n<g id=\"Note_e_spacer\" class=\"st5\">\n\t<rect class=\"st6\" width=\"24\" height=\"24\"><\/rect>\n\t<rect y=\"232\" class=\"st6\" width=\"24\" height=\"24\"><\/rect>\n<\/g>\n<\/svg>\n\t\t\t<\/div>\n\t\t<\/div>\n\n\t\t<div class=\"_header-info canva-flex-1\">\n\t\t\t<span class=\"_title canva-block canva-fs-xsmall canva-lh-12 canva-fw-700\" style=\"color:var(--color-wp-block-title);\">\n\t\t\t\tSezione Main\t\t\t<\/span>\n\t\t\t\t\t\t\t<span class=\"_description canva-block canva-fs-xxsmall canva-lh-11 canva-fw-400\" style=\"color:var(--color-wp-block-subtitle);\">\n\t\t\t\t\tContenitore di blocchi per sezione di pagina\t\t\t\t<\/span>\n\t\t\t\n\t\t\t\t\t<\/div>\n\t\t\t<\/div>\n\n        \n\t\t<div class=\"_content canva-p-4 canva-bg-white\">\n\n\t\t\t\n\t\t\t<div class=\"user-locked-inner-blocks\">\n\t\t\t\t\n\n<div class=\"wp-block-columns\">\n<div class=\"wp-block-column col-span-12\">\n<h2 class=\"wp-block-heading\">CONDITIONS G\u00c9N\u00c9RALES DE VENTE<\/h2>\n\n\n\n<h4 class=\"wp-block-heading\"><strong>1. P<\/strong>RIX<\/h4>\n\n\n\n<p>1.1 Toutes les commandes re\u00e7ues seront trait\u00e9es aux prix indiqu\u00e9s dans la liste de prix actuelle.<\/p>\n\n\n\n<p>1.2 Tous les prix indiqu\u00e9s sont hors taxes.<\/p>\n\n\n\n<p>1.3 Tous les prix indiqu\u00e9s sont EXW.<\/p>\n\n\n\n<p>1.4 Le co\u00fbt de l\u2019emballage n\u2019est pas inclus.<\/p>\n\n\n\n<p>1.5 Les prix des emballages indiqu\u00e9s dans ce prix tarif sont nets.<\/p>\n\n\n\n<h4 class=\"wp-block-heading\">2. PAIMENTS<\/h4>\n\n\n\n<p>2.1 Les paiements doivent respecter les conditions indiqu\u00e9es dans la facture, m\u00eame en cas de litiges ou r\u00e9clamations.<\/p>\n\n\n\n<p>2.2 En cas de retard dans les paiements un int\u00e9r\u00eat pourra \u00eatre appliqu\u00e9 selon les dispositions en vigueur et \u00e9ventuels co\u00fbts encourus par Depureco pourraient \u00eatre d\u00e9bit\u00e9s.<\/p>\n\n\n\n<p>2.3 En cas de retard ou de manque de paiement la garantie pourra \u00eatre invalid\u00e9e.<\/p>\n\n\n\n<p>2.4 La propri\u00e9t\u00e9 des biens reste de Depureco jusqu\u2019au ce que le paiement ne sera effectu\u00e9, m\u00eame pour de la marchandise d\u00e9j\u00e0 livr\u00e9e.<\/p>\n\n\n\n<h4 class=\"wp-block-heading\"><strong>3. LIVRAISONS<\/strong><\/h4>\n\n\n\n<p>3.1 Sauf accords, la marchandise est vendue EXW Volpiano (Turin), Italy.<\/p>\n\n\n\n<p>3.2 La date indiqu\u00e9e dans la confirmation de commande est indicative et pas contraignante pour Depureco.<\/p>\n\n\n\n<p>3.3 Depureco ne r\u00e9pond pas pour les dommages et les g\u00eanes occasionn\u00e9es pour les retards des livraisons.<\/p>\n\n\n\n<p>3.4 Des \u00e9ventuels retards ne donnent pas le droit \u00e0 annuler la commande par la soci\u00e9t\u00e9 acheteuse et surtout \u00e0 ne pas respecter les conditions pr\u00e9sentes dans la facture de vente.<\/p>\n\n\n\n<h4 class=\"wp-block-heading\">4. <strong>RETOUR DU MAT\u00c9RIEL<\/strong><\/h4>\n\n\n\n<p>4.1 Avant de rendre du mat\u00e9riel il faudra obtenir l\u2019autorisation de Depureco; autrement Depureco pourra se r\u00e9server le droit de ne pas accepter le retour.<\/p>\n\n\n\n<p><strong>5. ESSAI<\/strong><\/p>\n\n\n\n<p>5.1 Sauf accords sp\u00e9cifiques aucun essai h\u2019est pr\u00e9vu chez le client par l\u2019\u00e9quipe Depureco.<\/p>\n\n\n\n<p>5.2 Les produits Depureco sont r\u00e9alis\u00e9s en conformit\u00e9 avec les normes europ\u00e9ennes CE et avec voltage 230V pour les versions monophas\u00e9es et 400V pour les versions triphas\u00e9es. Sur demande, apr\u00e8s la validation du chiffrage par la soci\u00e9t\u00e9 acheteuse, des aspirateurs avec voltages et fr\u00e9quences diff\u00e9rentes du standard Depureco pourront \u00eatre produits.<\/p>\n\n\n\n<p><strong>6. LITIGES<\/strong><\/p>\n\n\n\n<p>6.1 Tout litige sera jug\u00e9 exclusivement par l\u2019autorit\u00e9 judiciaire de Torino.<\/p>\n\n\n\n<p>6.2 Tout litige avec des clients \u00e9trangers sera jug\u00e9 selon la R\u00e9glementation de la Concertation et l\u2019Arbitrage de la Chambre de Commerce Internationale.<\/p>\n\n\n\n<h4 class=\"wp-block-heading\">7. GARANTIE<\/h4>\n\n\n\n<p>7.1 La garantie Depureco a une validit\u00e9 de 12 mois sur toute la gamme des aspirateurs industriels pr\u00e9sents dans ce prix tarif.<\/p>\n\n\n\n<p>7.2 La garantie Depureco consiste dans la fourniture gratuite de tous les composants des machines qui pr\u00e9sentent vices ou defaults de fabrication.<\/p>\n\n\n\n<p>7.3 La garantie Depureco ne couvre pas les d\u00e9g\u00e2ts dus \u00e0 une utilisation erron\u00e9e de l\u2019unit\u00e9, erron\u00e9e connexion de tension, dommages provoqu\u00e9s par n\u00e9gligence, incapacit\u00e9 d\u2019utilisation, incurie et inconscience d\u2019utilisation dans chaque sp\u00e9cifique application.<\/p>\n\n\n\n<p>7.4 Le remplacement de la machine n\u2019est pas pr\u00e9vu, mais il est pr\u00e9vu la fourniture de la pi\u00e8ce d\u00e9fectueuse, une fois confirm\u00e9e la garantie de la part de Depureco.<\/p>\n\n\n\n<p>7.5 Tous les composants consommables tels que filtres, tuyaux flexibles, accessoires, charbons, c\u00e2bles d\u2019alimentation, prises et composants de normale d\u00e9gradation sont exclus de la garantie. La garantie ne sera pas reconnue sur les moteurs et les turbines dans lesquels on retrouvera des corps \u00e9tranger (poussi\u00e8res, liquides, solides, etc\u2026).<\/p>\n\n\n\n<p>7.6 Aucun remboursement ne sera reconnu pour g\u00eanes, dommages ou probl\u00e8mes cr\u00e9es par des vices ou des defaults sous garantie.<\/p>\n\n\n\n<p>7.7 La garantie de Depureco d\u00e9choit si des r\u00e9parations ont \u00e9t\u00e9 effectu\u00e9es par personnel non autoris\u00e9, pour des pi\u00e8ces d\u00e9tach\u00e9es install\u00e9esincorrectement pour l\u2019utilisation de rechanges et ou accessoires non originaux Depureco.<\/p>\n\n\n\n<p>7.8 Afin d\u2019avoir la garantie valid\u00e9e, l\u2019Acheteur devra exp\u00e9dier \u00e0 sa charge le produit \u00e0 Depureco. Depureco l\u2019analysera et, si sous garantie, le r\u00e9parera en repla\u00e7ant les composants d\u00e9fectueux. Tous les frais de transport seront \u00e0 la charge de l\u2019Acheteur..<\/p>\n\n\n\n<p>7.9 Il est possible de prolonger la garantie \u00e0 3 ans pour tous les aspirateurs, \u00e0 l\u2019exception de ceux qui appartiennent aux familles : Huiles &amp; Copeaux et Aspirateurs professionnels. Pour pouvoir prolonger la garantie, il est n\u00e9cessaire d\u2019acheter tous les filtres de rechange pr\u00e9sents sur l\u2019aspirateur au moment de l\u2019achat.<\/p>\n<\/div>\n<\/div>\n\n\n\t\t\t<\/div>\n\t\t<\/div>\n\n\t<\/div>\n\n","protected":false},"excerpt":{"rendered":"","protected":false},"author":8,"featured_media":0,"parent":0,"menu_order":0,"comment_status":"closed","ping_status":"closed","template":"","meta":{"_acf_changed":false,"footnotes":""},"class_list":["post-104395","page","type-page","status-publish","hentry","facultatif"],"acf":[],"yoast_head":"<!-- This site is optimized with the Yoast SEO Premium plugin v26.8 (Yoast SEO v27.3) - https:\/\/yoast.com\/product\/yoast-seo-premium-wordpress\/ -->\n<title>Conditions g\u00e9n\u00e9rales de vente - Depureco<\/title>\n<meta name=\"robots\" content=\"index, follow, max-snippet:-1, max-image-preview:large, max-video-preview:-1\" \/>\n<link rel=\"canonical\" href=\"https:\/\/www.depureco.com\/fr\/conditions-generales-de-vente\/\" \/>\n<meta property=\"og:locale\" content=\"fr_FR\" \/>\n<meta property=\"og:type\" content=\"article\" \/>\n<meta property=\"og:title\" content=\"Conditions g\u00e9n\u00e9rales de vente - Depureco\" \/>\n<meta property=\"og:url\" content=\"https:\/\/www.depureco.com\/fr\/conditions-generales-de-vente\/\" \/>\n<meta property=\"og:site_name\" content=\"Depureco\" \/>\n<meta property=\"article:publisher\" content=\"https:\/\/www.facebook.com\/depurecoindustrialvacuums\/\" \/>\n<meta property=\"article:modified_time\" content=\"2025-01-20T13:27:02+00:00\" \/>\n<meta property=\"og:image\" content=\"https:\/\/i0.wp.com\/www.depureco.com\/wp-content\/uploads\/2025\/04\/Accessori-per-la-pulizia-generale.jpg?fit=800%2C600&ssl=1\" \/>\n\t<meta property=\"og:image:width\" content=\"800\" \/>\n\t<meta property=\"og:image:height\" content=\"600\" \/>\n\t<meta property=\"og:image:type\" content=\"image\/jpeg\" \/>\n<meta name=\"twitter:card\" content=\"summary_large_image\" \/>\n<meta name=\"twitter:label1\" content=\"Dur\u00e9e de lecture estim\u00e9e\" \/>\n\t<meta name=\"twitter:data1\" content=\"4 minutes\" \/>\n<script type=\"application\/ld+json\" class=\"yoast-schema-graph\">{\"@context\":\"https:\\\/\\\/schema.org\",\"@graph\":[{\"@type\":\"WebPage\",\"@id\":\"https:\\\/\\\/www.depureco.com\\\/fr\\\/conditions-generales-de-vente\\\/\",\"url\":\"https:\\\/\\\/www.depureco.com\\\/fr\\\/conditions-generales-de-vente\\\/\",\"name\":\"Conditions g\u00e9n\u00e9rales de vente - Depureco\",\"isPartOf\":{\"@id\":\"https:\\\/\\\/www.depureco.com\\\/fr\\\/#website\"},\"datePublished\":\"2025-01-17T08:37:35+00:00\",\"dateModified\":\"2025-01-20T13:27:02+00:00\",\"breadcrumb\":{\"@id\":\"https:\\\/\\\/www.depureco.com\\\/fr\\\/conditions-generales-de-vente\\\/#breadcrumb\"},\"inLanguage\":\"fr-FR\",\"potentialAction\":[{\"@type\":\"ReadAction\",\"target\":[\"https:\\\/\\\/www.depureco.com\\\/fr\\\/conditions-generales-de-vente\\\/\"]}]},{\"@type\":\"BreadcrumbList\",\"@id\":\"https:\\\/\\\/www.depureco.com\\\/fr\\\/conditions-generales-de-vente\\\/#breadcrumb\",\"itemListElement\":[{\"@type\":\"ListItem\",\"position\":1,\"name\":\"Home\",\"item\":\"https:\\\/\\\/www.depureco.com\\\/fr\\\/\"},{\"@type\":\"ListItem\",\"position\":2,\"name\":\"Conditions g\u00e9n\u00e9rales de vente\"}]},{\"@type\":\"WebSite\",\"@id\":\"https:\\\/\\\/www.depureco.com\\\/fr\\\/#website\",\"url\":\"https:\\\/\\\/www.depureco.com\\\/fr\\\/\",\"name\":\"Depureco\",\"description\":\"\",\"publisher\":{\"@id\":\"https:\\\/\\\/www.depureco.com\\\/fr\\\/#organization\"},\"potentialAction\":[{\"@type\":\"SearchAction\",\"target\":{\"@type\":\"EntryPoint\",\"urlTemplate\":\"https:\\\/\\\/www.depureco.com\\\/fr\\\/?s={search_term_string}\"},\"query-input\":{\"@type\":\"PropertyValueSpecification\",\"valueRequired\":true,\"valueName\":\"search_term_string\"}}],\"inLanguage\":\"fr-FR\"},{\"@type\":\"Organization\",\"@id\":\"https:\\\/\\\/www.depureco.com\\\/fr\\\/#organization\",\"name\":\"Depureco Industrial Vacuums Srl\",\"alternateName\":\"Depureco\",\"url\":\"https:\\\/\\\/www.depureco.com\\\/fr\\\/\",\"logo\":{\"@type\":\"ImageObject\",\"inLanguage\":\"fr-FR\",\"@id\":\"https:\\\/\\\/www.depureco.com\\\/fr\\\/#\\\/schema\\\/logo\\\/image\\\/\",\"url\":\"https:\\\/\\\/www.depureco.com\\\/wp-content\\\/uploads\\\/2023\\\/03\\\/depureco-logo-colors.svg\",\"contentUrl\":\"https:\\\/\\\/www.depureco.com\\\/wp-content\\\/uploads\\\/2023\\\/03\\\/depureco-logo-colors.svg\",\"width\":1,\"height\":1,\"caption\":\"Depureco Industrial Vacuums Srl\"},\"image\":{\"@id\":\"https:\\\/\\\/www.depureco.com\\\/fr\\\/#\\\/schema\\\/logo\\\/image\\\/\"},\"sameAs\":[\"https:\\\/\\\/www.facebook.com\\\/depurecoindustrialvacuums\\\/\",\"https:\\\/\\\/it.linkedin.com\\\/company\\\/depureco-industrial-vacuums\",\"https:\\\/\\\/www.youtube.com\\\/user\\\/DEPURECOsrl\\\/feed\\\/\",\"https:\\\/\\\/www.wikidata.org\\\/wiki\\\/Q136332161\"],\"description\":\"Depureco is a leading manufacturer of Italian-engineered industrial vacuum systems known for rugged build quality, long-life components, and high filtration performance\u2014including HEPA\\\/H14 and ATEX options. Our engineering team delivers expert customization, tailoring units, accessories, and central systems to each application for safer, cleaner, and more efficient operations.\",\"email\":\"depureco@depureco.com\",\"telephone\":\"+39 011 98.59.117\",\"legalName\":\"Depureco Industrial Vacuums Srl\",\"foundingDate\":\"1972-01-01\",\"vatID\":\"IT02258610357\",\"taxID\":\"IT02258610357\",\"numberOfEmployees\":{\"@type\":\"QuantitativeValue\",\"minValue\":\"51\",\"maxValue\":\"200\"}}]}<\/script>\n<!-- \/ Yoast SEO Premium plugin. -->","yoast_head_json":{"title":"Conditions g\u00e9n\u00e9rales de vente - Depureco","robots":{"index":"index","follow":"follow","max-snippet":"max-snippet:-1","max-image-preview":"max-image-preview:large","max-video-preview":"max-video-preview:-1"},"canonical":"https:\/\/www.depureco.com\/fr\/conditions-generales-de-vente\/","og_locale":"fr_FR","og_type":"article","og_title":"Conditions g\u00e9n\u00e9rales de vente - Depureco","og_url":"https:\/\/www.depureco.com\/fr\/conditions-generales-de-vente\/","og_site_name":"Depureco","article_publisher":"https:\/\/www.facebook.com\/depurecoindustrialvacuums\/","article_modified_time":"2025-01-20T13:27:02+00:00","og_image":[{"width":800,"height":600,"url":"https:\/\/i0.wp.com\/www.depureco.com\/wp-content\/uploads\/2025\/04\/Accessori-per-la-pulizia-generale.jpg?fit=800%2C600&ssl=1","type":"image\/jpeg"}],"twitter_card":"summary_large_image","twitter_misc":{"Dur\u00e9e de lecture estim\u00e9e":"4 minutes"},"schema":{"@context":"https:\/\/schema.org","@graph":[{"@type":"WebPage","@id":"https:\/\/www.depureco.com\/fr\/conditions-generales-de-vente\/","url":"https:\/\/www.depureco.com\/fr\/conditions-generales-de-vente\/","name":"Conditions g\u00e9n\u00e9rales de vente - Depureco","isPartOf":{"@id":"https:\/\/www.depureco.com\/fr\/#website"},"datePublished":"2025-01-17T08:37:35+00:00","dateModified":"2025-01-20T13:27:02+00:00","breadcrumb":{"@id":"https:\/\/www.depureco.com\/fr\/conditions-generales-de-vente\/#breadcrumb"},"inLanguage":"fr-FR","potentialAction":[{"@type":"ReadAction","target":["https:\/\/www.depureco.com\/fr\/conditions-generales-de-vente\/"]}]},{"@type":"BreadcrumbList","@id":"https:\/\/www.depureco.com\/fr\/conditions-generales-de-vente\/#breadcrumb","itemListElement":[{"@type":"ListItem","position":1,"name":"Home","item":"https:\/\/www.depureco.com\/fr\/"},{"@type":"ListItem","position":2,"name":"Conditions g\u00e9n\u00e9rales de vente"}]},{"@type":"WebSite","@id":"https:\/\/www.depureco.com\/fr\/#website","url":"https:\/\/www.depureco.com\/fr\/","name":"Depureco","description":"","publisher":{"@id":"https:\/\/www.depureco.com\/fr\/#organization"},"potentialAction":[{"@type":"SearchAction","target":{"@type":"EntryPoint","urlTemplate":"https:\/\/www.depureco.com\/fr\/?s={search_term_string}"},"query-input":{"@type":"PropertyValueSpecification","valueRequired":true,"valueName":"search_term_string"}}],"inLanguage":"fr-FR"},{"@type":"Organization","@id":"https:\/\/www.depureco.com\/fr\/#organization","name":"Depureco Industrial Vacuums Srl","alternateName":"Depureco","url":"https:\/\/www.depureco.com\/fr\/","logo":{"@type":"ImageObject","inLanguage":"fr-FR","@id":"https:\/\/www.depureco.com\/fr\/#\/schema\/logo\/image\/","url":"https:\/\/www.depureco.com\/wp-content\/uploads\/2023\/03\/depureco-logo-colors.svg","contentUrl":"https:\/\/www.depureco.com\/wp-content\/uploads\/2023\/03\/depureco-logo-colors.svg","width":1,"height":1,"caption":"Depureco Industrial Vacuums Srl"},"image":{"@id":"https:\/\/www.depureco.com\/fr\/#\/schema\/logo\/image\/"},"sameAs":["https:\/\/www.facebook.com\/depurecoindustrialvacuums\/","https:\/\/it.linkedin.com\/company\/depureco-industrial-vacuums","https:\/\/www.youtube.com\/user\/DEPURECOsrl\/feed\/","https:\/\/www.wikidata.org\/wiki\/Q136332161"],"description":"Depureco is a leading manufacturer of Italian-engineered industrial vacuum systems known for rugged build quality, long-life components, and high filtration performance\u2014including HEPA\/H14 and ATEX options. Our engineering team delivers expert customization, tailoring units, accessories, and central systems to each application for safer, cleaner, and more efficient operations.","email":"depureco@depureco.com","telephone":"+39 011 98.59.117","legalName":"Depureco Industrial Vacuums Srl","foundingDate":"1972-01-01","vatID":"IT02258610357","taxID":"IT02258610357","numberOfEmployees":{"@type":"QuantitativeValue","minValue":"51","maxValue":"200"}}]}},"jetpack_sharing_enabled":true,"_links":{"self":[{"href":"https:\/\/www.depureco.com\/fr\/wp-json\/wp\/v2\/pages\/104395","targetHints":{"allow":["GET"]}}],"collection":[{"href":"https:\/\/www.depureco.com\/fr\/wp-json\/wp\/v2\/pages"}],"about":[{"href":"https:\/\/www.depureco.com\/fr\/wp-json\/wp\/v2\/types\/page"}],"author":[{"embeddable":true,"href":"https:\/\/www.depureco.com\/fr\/wp-json\/wp\/v2\/users\/8"}],"replies":[{"embeddable":true,"href":"https:\/\/www.depureco.com\/fr\/wp-json\/wp\/v2\/comments?post=104395"}],"version-history":[{"count":0,"href":"https:\/\/www.depureco.com\/fr\/wp-json\/wp\/v2\/pages\/104395\/revisions"}],"wp:attachment":[{"href":"https:\/\/www.depureco.com\/fr\/wp-json\/wp\/v2\/media?parent=104395"}],"curies":[{"name":"wp","href":"https:\/\/api.w.org\/{rel}","templated":true}]}}